{"id":8603,"date":"2025-06-26T13:10:40","date_gmt":"2025-06-26T14:10:40","guid":{"rendered":"https:\/\/ciit-software.com\/?page_id=8603"},"modified":"2025-06-26T13:26:17","modified_gmt":"2025-06-26T14:26:17","slug":"bewerbung","status":"publish","type":"page","link":"https:\/\/ciit-software.com\/en\/bewerbung\/","title":{"rendered":"Bewerbung"},"content":{"rendered":"\t\t<div data-elementor-type=\"wp-page\" data-elementor-id=\"8603\" class=\"elementor elementor-8603\" data-elementor-post-type=\"page\">\n\t\t\t\t<div class=\"elementor-element elementor-element-2808af0 e-flex e-con-boxed e-con e-parent\" data-id=\"2808af0\" data-element_type=\"container\" data-e-type=\"container\" data-settings=\"{&quot;background_background&quot;:&quot;classic&quot;}\">\n\t\t\t\t\t<div class=\"e-con-inner\">\n\t\t\t\t\t<\/div>\n\t\t\t\t<\/div>\n\t\t<div class=\"elementor-element elementor-element-00208e9 e-flex e-con-boxed e-con e-parent\" data-id=\"00208e9\" data-element_type=\"container\" data-e-type=\"container\">\n\t\t\t\t\t<div class=\"e-con-inner\">\n\t\t\t\t<div class=\"elementor-element elementor-element-2ec3e61 elementor-widget elementor-widget-heading\" data-id=\"2ec3e61\" data-element_type=\"widget\" data-e-type=\"widget\" data-widget_type=\"heading.default\">\n\t\t\t\t<div class=\"elementor-widget-container\">\n\t\t\t\t\t<h2 class=\"elementor-heading-title elementor-size-default\">Bewerbung f\u00fcr eine Stelle als Reinigungkraft bei CIIT GmbH<\/h2>\t\t\t\t<\/div>\n\t\t\t\t<\/div>\n\t\t\t\t<div class=\"elementor-element elementor-element-0ac05f3 elementor-widget elementor-widget-text-editor\" data-id=\"0ac05f3\" data-element_type=\"widget\" data-e-type=\"widget\" data-widget_type=\"text-editor.default\">\n\t\t\t\t<div class=\"elementor-widget-container\">\n\t\t\t\t\t\t\t\t\t<p><b>Stellenbeschreibung:&nbsp;<\/b>Reinigung von B\u00fcror\u00e4umen, 1-2 Mal in der Woche in 1160 Wien. Geringf\u00fcgig, 8-10 Stunden in der Woche. 500 EUR Brutto \/ Monat.<\/p>\n<p>Wir freuen uns auf die Zusammenarbeit!&nbsp;<\/p>\n<p>Damit wir Sie kontaktieren k\u00f6nnen, geben Sie bitte Ihre Daten hier ein.&nbsp;<\/p>\n<p>Vielen Dank!<\/p>\t\t\t\t\t\t\t\t<\/div>\n\t\t\t\t<\/div>\n\t\t\t\t<div class=\"elementor-element elementor-element-b353764 elementor-button-align-stretch elementor-widget elementor-widget-form\" data-id=\"b353764\" data-element_type=\"widget\" data-e-type=\"widget\" data-settings=\"{&quot;button_width&quot;:&quot;25&quot;,&quot;step_next_label&quot;:&quot;N\\u00e4chster&quot;,&quot;step_previous_label&quot;:&quot;Voriger&quot;,&quot;step_type&quot;:&quot;number_text&quot;,&quot;step_icon_shape&quot;:&quot;circle&quot;}\" data-widget_type=\"form.default\">\n\t\t\t\t<div class=\"elementor-widget-container\">\n\t\t\t\t\t\t\t<form class=\"elementor-form\" method=\"post\" name=\"Neues Formular\" aria-label=\"Neues Formular\">\n\t\t\t<input type=\"hidden\" name=\"post_id\" value=\"8603\"\/>\n\t\t\t<input type=\"hidden\" name=\"form_id\" value=\"b353764\"\/>\n\t\t\t<input type=\"hidden\" name=\"referer_title\" value=\"Bewerbung - CIIT\" \/>\n\n\t\t\t\t\t\t\t<input type=\"hidden\" name=\"queried_id\" value=\"8603\"\/>\n\t\t\t\n\t\t\t<div class=\"elementor-form-fields-wrapper elementor-labels-above\">\n\t\t\t\t\t\t\t\t<div class=\"elementor-field-type-text elementor-field-group elementor-column elementor-field-group-name elementor-col-100\">\n\t\t\t\t\t\t\t\t\t\t\t\t<label for=\"form-field-name\" class=\"elementor-field-label\">\n\t\t\t\t\t\t\t\tName\t\t\t\t\t\t\t<\/label>\n\t\t\t\t\t\t\t\t\t\t\t\t\t\t<input size=\"1\" type=\"text\" name=\"form_fields[name]\" id=\"form-field-name\" class=\"elementor-field elementor-size-md  elementor-field-textual\" placeholder=\"Name\">\n\t\t\t\t\t\t\t\t\t\t\t<\/div>\n\t\t\t\t\t\t\t\t<div class=\"elementor-field-type-email elementor-field-group elementor-column elementor-field-group-email elementor-col-100 elementor-field-required\">\n\t\t\t\t\t\t\t\t\t\t\t\t<label for=\"form-field-email\" class=\"elementor-field-label\">\n\t\t\t\t\t\t\t\tE-Mail\t\t\t\t\t\t\t<\/label>\n\t\t\t\t\t\t\t\t\t\t\t\t\t\t<input size=\"1\" type=\"email\" name=\"form_fields[email]\" id=\"form-field-email\" class=\"elementor-field elementor-size-md  elementor-field-textual\" placeholder=\"E-Mail\" required=\"required\">\n\t\t\t\t\t\t\t\t\t\t\t<\/div>\n\t\t\t\t\t\t\t\t<div class=\"elementor-field-type-textarea elementor-field-group elementor-column elementor-field-group-message elementor-col-100\">\n\t\t\t\t\t\t\t\t\t\t\t\t<label for=\"form-field-message\" class=\"elementor-field-label\">\n\t\t\t\t\t\t\t\tNachricht\t\t\t\t\t\t\t<\/label>\n\t\t\t\t\t\t<textarea class=\"elementor-field-textual elementor-field  elementor-size-md\" name=\"form_fields[message]\" id=\"form-field-message\" rows=\"4\" placeholder=\"Nachricht\"><\/textarea>\t\t\t\t<\/div>\n\t\t\t\t\t\t\t\t<div class=\"elementor-field-type-recaptcha_v3 elementor-field-group elementor-column elementor-field-group-field_66dd909 elementor-col-100 recaptcha_v3-bottomright\">\n\t\t\t\t\t<div class=\"elementor-field\" id=\"form-field-field_66dd909\"><div class=\"elementor-g-recaptcha\" data-sitekey=\"6Lfqmu4pAAAAACCtEMrhe-Swlu9SVaWcKF1DAtAR\" data-type=\"v3\" data-action=\"Form\" data-badge=\"bottomright\" data-size=\"invisible\"><\/div><\/div>\t\t\t\t<\/div>\n\t\t\t\t\t\t\t\t<div class=\"elementor-field-group elementor-column elementor-field-type-submit elementor-col-25 e-form__buttons\">\n\t\t\t\t\t<button class=\"elementor-button elementor-size-sm\" type=\"submit\">\n\t\t\t\t\t\t<span class=\"elementor-button-content-wrapper\">\n\t\t\t\t\t\t\t\t\t\t\t\t\t\t\t\t\t\t\t\t\t\t<span class=\"elementor-button-text\">Senden<\/span>\n\t\t\t\t\t\t\t\t\t\t\t\t\t<\/span>\n\t\t\t\t\t<\/button>\n\t\t\t\t<\/div>\n\t\t\t<\/div>\n\t\t<\/form>\n\t\t\t\t\t\t<\/div>\n\t\t\t\t<\/div>\n\t\t\t\t\t<\/div>\n\t\t\t\t<\/div>\n\t\t\t\t<\/div>\n\t\t","protected":false},"excerpt":{"rendered":"<p>Bewerbung f\u00fcr eine Stelle als Reinigungkraft bei CIIT GmbH Stellenbeschreibung:&nbsp;Reinigung von B\u00fcror\u00e4umen, 1-2 Mal in der Woche in 1160 Wien. Geringf\u00fcgig, 8-10 Stunden in der Woche. 500 EUR Brutto \/ Monat. Wir freuen uns auf die Zusammenarbeit!&nbsp; Damit wir Sie kontaktieren k\u00f6nnen, geben Sie bitte Ihre Daten hier ein.&nbsp; Vielen Dank!<\/p>","protected":false},"author":1,"featured_media":0,"parent":0,"menu_order":0,"comment_status":"closed","ping_status":"closed","template":"","meta":{"inline_featured_image":false,"footnotes":""},"class_list":["post-8603","page","type-page","status-publish","hentry"],"yoast_head":"<!-- This site is optimized with the Yoast SEO plugin v27.3 - https:\/\/yoast.com\/product\/yoast-seo-wordpress\/ -->\n<title>Bewerbung - CIIT<\/title>\n<meta name=\"robots\" content=\"index, follow, max-snippet:-1, max-image-preview:large, max-video-preview:-1\" \/>\n<link rel=\"canonical\" href=\"https:\/\/ciit-software.com\/en\/bewerbung\/\" \/>\n<meta property=\"og:locale\" content=\"en_US\" \/>\n<meta property=\"og:type\" content=\"article\" \/>\n<meta property=\"og:title\" content=\"Bewerbung - CIIT\" \/>\n<meta property=\"og:description\" content=\"Bewerbung f\u00fcr eine Stelle als Reinigungkraft bei CIIT GmbH Stellenbeschreibung:&nbsp;Reinigung von B\u00fcror\u00e4umen, 1-2 Mal in der Woche in 1160 Wien. Geringf\u00fcgig, 8-10 Stunden in der Woche. 500 EUR Brutto \/ Monat. Wir freuen uns auf die Zusammenarbeit!&nbsp; Damit wir Sie kontaktieren k\u00f6nnen, geben Sie bitte Ihre Daten hier ein.&nbsp; Vielen Dank!\" \/>\n<meta property=\"og:url\" content=\"https:\/\/ciit-software.com\/en\/bewerbung\/\" \/>\n<meta property=\"og:site_name\" content=\"CIIT\" \/>\n<meta property=\"article:publisher\" content=\"https:\/\/www.facebook.com\/CIITIndividualsoftware\" \/>\n<meta property=\"article:modified_time\" content=\"2025-06-26T14:26:17+00:00\" \/>\n<meta name=\"twitter:card\" content=\"summary_large_image\" \/>\n<meta name=\"twitter:site\" content=\"@CIIT_at\" \/>\n<meta name=\"twitter:label1\" content=\"Est. reading time\" \/>\n\t<meta name=\"twitter:data1\" content=\"1 minute\" \/>\n<script type=\"application\/ld+json\" class=\"yoast-schema-graph\">{\"@context\":\"https:\\\/\\\/schema.org\",\"@graph\":[{\"@type\":\"WebPage\",\"@id\":\"https:\\\/\\\/ciit-software.com\\\/bewerbung\\\/\",\"url\":\"https:\\\/\\\/ciit-software.com\\\/bewerbung\\\/\",\"name\":\"Bewerbung - CIIT\",\"isPartOf\":{\"@id\":\"https:\\\/\\\/ciit-software.com\\\/#website\"},\"datePublished\":\"2025-06-26T14:10:40+00:00\",\"dateModified\":\"2025-06-26T14:26:17+00:00\",\"breadcrumb\":{\"@id\":\"https:\\\/\\\/ciit-software.com\\\/bewerbung\\\/#breadcrumb\"},\"inLanguage\":\"en-US\",\"potentialAction\":[{\"@type\":\"ReadAction\",\"target\":[\"https:\\\/\\\/ciit-software.com\\\/bewerbung\\\/\"]}]},{\"@type\":\"BreadcrumbList\",\"@id\":\"https:\\\/\\\/ciit-software.com\\\/bewerbung\\\/#breadcrumb\",\"itemListElement\":[{\"@type\":\"ListItem\",\"position\":1,\"name\":\"Home\",\"item\":\"https:\\\/\\\/ciit-software.com\\\/\"},{\"@type\":\"ListItem\",\"position\":2,\"name\":\"Bewerbung\"}]},{\"@type\":\"WebSite\",\"@id\":\"https:\\\/\\\/ciit-software.com\\\/#website\",\"url\":\"https:\\\/\\\/ciit-software.com\\\/\",\"name\":\"CIIT\",\"description\":\"Individual Software\",\"publisher\":{\"@id\":\"https:\\\/\\\/ciit-software.com\\\/#organization\"},\"potentialAction\":[{\"@type\":\"SearchAction\",\"target\":{\"@type\":\"EntryPoint\",\"urlTemplate\":\"https:\\\/\\\/ciit-software.com\\\/?s={search_term_string}\"},\"query-input\":{\"@type\":\"PropertyValueSpecification\",\"valueRequired\":true,\"valueName\":\"search_term_string\"}}],\"inLanguage\":\"en-US\"},{\"@type\":\"Organization\",\"@id\":\"https:\\\/\\\/ciit-software.com\\\/#organization\",\"name\":\"CIIT GmbH\",\"url\":\"https:\\\/\\\/ciit-software.com\\\/\",\"logo\":{\"@type\":\"ImageObject\",\"inLanguage\":\"en-US\",\"@id\":\"https:\\\/\\\/ciit-software.com\\\/#\\\/schema\\\/logo\\\/image\\\/\",\"url\":\"https:\\\/\\\/ciit-software.com\\\/wp-content\\\/uploads\\\/2024\\\/01\\\/cropped-CIIT_Logo_Software-Develoment.png\",\"contentUrl\":\"https:\\\/\\\/ciit-software.com\\\/wp-content\\\/uploads\\\/2024\\\/01\\\/cropped-CIIT_Logo_Software-Develoment.png\",\"width\":512,\"height\":512,\"caption\":\"CIIT GmbH\"},\"image\":{\"@id\":\"https:\\\/\\\/ciit-software.com\\\/#\\\/schema\\\/logo\\\/image\\\/\"},\"sameAs\":[\"https:\\\/\\\/www.facebook.com\\\/CIITIndividualsoftware\",\"https:\\\/\\\/x.com\\\/CIIT_at\"]}]}<\/script>\n<!-- \/ Yoast SEO plugin. -->","yoast_head_json":{"title":"Bewerbung - CIIT","robots":{"index":"index","follow":"follow","max-snippet":"max-snippet:-1","max-image-preview":"max-image-preview:large","max-video-preview":"max-video-preview:-1"},"canonical":"https:\/\/ciit-software.com\/en\/bewerbung\/","og_locale":"en_US","og_type":"article","og_title":"Bewerbung - CIIT","og_description":"Bewerbung f\u00fcr eine Stelle als Reinigungkraft bei CIIT GmbH Stellenbeschreibung:&nbsp;Reinigung von B\u00fcror\u00e4umen, 1-2 Mal in der Woche in 1160 Wien. Geringf\u00fcgig, 8-10 Stunden in der Woche. 500 EUR Brutto \/ Monat. Wir freuen uns auf die Zusammenarbeit!&nbsp; Damit wir Sie kontaktieren k\u00f6nnen, geben Sie bitte Ihre Daten hier ein.&nbsp; Vielen Dank!","og_url":"https:\/\/ciit-software.com\/en\/bewerbung\/","og_site_name":"CIIT","article_publisher":"https:\/\/www.facebook.com\/CIITIndividualsoftware","article_modified_time":"2025-06-26T14:26:17+00:00","twitter_card":"summary_large_image","twitter_site":"@CIIT_at","twitter_misc":{"Est. reading time":"1 minute"},"schema":{"@context":"https:\/\/schema.org","@graph":[{"@type":"WebPage","@id":"https:\/\/ciit-software.com\/bewerbung\/","url":"https:\/\/ciit-software.com\/bewerbung\/","name":"Bewerbung - CIIT","isPartOf":{"@id":"https:\/\/ciit-software.com\/#website"},"datePublished":"2025-06-26T14:10:40+00:00","dateModified":"2025-06-26T14:26:17+00:00","breadcrumb":{"@id":"https:\/\/ciit-software.com\/bewerbung\/#breadcrumb"},"inLanguage":"en-US","potentialAction":[{"@type":"ReadAction","target":["https:\/\/ciit-software.com\/bewerbung\/"]}]},{"@type":"BreadcrumbList","@id":"https:\/\/ciit-software.com\/bewerbung\/#breadcrumb","itemListElement":[{"@type":"ListItem","position":1,"name":"Home","item":"https:\/\/ciit-software.com\/"},{"@type":"ListItem","position":2,"name":"Bewerbung"}]},{"@type":"WebSite","@id":"https:\/\/ciit-software.com\/#website","url":"https:\/\/ciit-software.com\/","name":"CIIT","description":"Individual software","publisher":{"@id":"https:\/\/ciit-software.com\/#organization"},"potentialAction":[{"@type":"SearchAction","target":{"@type":"EntryPoint","urlTemplate":"https:\/\/ciit-software.com\/?s={search_term_string}"},"query-input":{"@type":"PropertyValueSpecification","valueRequired":true,"valueName":"search_term_string"}}],"inLanguage":"en-US"},{"@type":"Organization","@id":"https:\/\/ciit-software.com\/#organization","name":"CIIT GmbH","url":"https:\/\/ciit-software.com\/","logo":{"@type":"ImageObject","inLanguage":"en-US","@id":"https:\/\/ciit-software.com\/#\/schema\/logo\/image\/","url":"https:\/\/ciit-software.com\/wp-content\/uploads\/2024\/01\/cropped-CIIT_Logo_Software-Develoment.png","contentUrl":"https:\/\/ciit-software.com\/wp-content\/uploads\/2024\/01\/cropped-CIIT_Logo_Software-Develoment.png","width":512,"height":512,"caption":"CIIT GmbH"},"image":{"@id":"https:\/\/ciit-software.com\/#\/schema\/logo\/image\/"},"sameAs":["https:\/\/www.facebook.com\/CIITIndividualsoftware","https:\/\/x.com\/CIIT_at"]}]}},"_links":{"self":[{"href":"https:\/\/ciit-software.com\/en\/wp-json\/wp\/v2\/pages\/8603","targetHints":{"allow":["GET"]}}],"collection":[{"href":"https:\/\/ciit-software.com\/en\/wp-json\/wp\/v2\/pages"}],"about":[{"href":"https:\/\/ciit-software.com\/en\/wp-json\/wp\/v2\/types\/page"}],"author":[{"embeddable":true,"href":"https:\/\/ciit-software.com\/en\/wp-json\/wp\/v2\/users\/1"}],"replies":[{"embeddable":true,"href":"https:\/\/ciit-software.com\/en\/wp-json\/wp\/v2\/comments?post=8603"}],"version-history":[{"count":0,"href":"https:\/\/ciit-software.com\/en\/wp-json\/wp\/v2\/pages\/8603\/revisions"}],"wp:attachment":[{"href":"https:\/\/ciit-software.com\/en\/wp-json\/wp\/v2\/media?parent=8603"}],"curies":[{"name":"wp","href":"https:\/\/api.w.org\/{rel}","templated":true}]}}