{"id":6484,"date":"2024-05-24T12:57:19","date_gmt":"2024-05-24T13:57:19","guid":{"rendered":"https:\/\/ciit-software.com\/?page_id=6484"},"modified":"2026-03-12T07:33:36","modified_gmt":"2026-03-12T08:33:36","slug":"anforderungsanalyse","status":"publish","type":"page","link":"https:\/\/ciit-software.com\/en\/anforderungsanalyse\/","title":{"rendered":"Requirements analysis"},"content":{"rendered":"<div data-elementor-type=\"wp-page\" data-elementor-id=\"6484\" class=\"elementor elementor-6484\" data-elementor-post-type=\"page\">\n\t\t\t\t\t\t<section class=\"elementor-section elementor-top-section elementor-element elementor-element-2cd086f elementor-section-full_width elementor-section-height-min-height elementor-section-items-bottom elementor-section-height-default\" data-id=\"2cd086f\" data-element_type=\"section\" data-e-type=\"section\" data-settings=\"{&quot;background_background&quot;:&quot;classic&quot;}\">\n\t\t\t\t\t\t\t<div class=\"elementor-background-overlay\"><\/div>\n\t\t\t\t\t\t\t<div class=\"elementor-container elementor-column-gap-default\">\n\t\t\t\t\t<div class=\"elementor-column elementor-col-100 elementor-top-column elementor-element elementor-element-a5886d9\" data-id=\"a5886d9\" data-element_type=\"column\" data-e-type=\"column\">\n\t\t\t<div class=\"elementor-widget-wrap elementor-element-populated\">\n\t\t\t\t\t\t<div class=\"elementor-element elementor-element-c049264 elementor-widget elementor-widget-text-editor\" data-id=\"c049264\" data-element_type=\"widget\" data-e-type=\"widget\" data-widget_type=\"text-editor.default\">\n\t\t\t\t<div class=\"elementor-widget-container\">\n\t\t\t\t\t\t\t\t\t<p><em>CIIT team in an internal meeting<\/em><\/p>\t\t\t\t\t\t\t\t<\/div>\n\t\t\t\t<\/div>\n\t\t\t\t\t<\/div>\n\t\t<\/div>\n\t\t\t\t\t<\/div>\n\t\t<\/section>\n\t\t<div class=\"elementor-element elementor-element-a784db8 e-con-full e-flex e-con e-parent\" data-id=\"a784db8\" data-element_type=\"container\" data-e-type=\"container\">\n\t\t<div class=\"elementor-element elementor-element-8c9862f e-con-full e-flex e-con e-child\" data-id=\"8c9862f\" data-element_type=\"container\" data-e-type=\"container\">\n\t\t<div class=\"elementor-element elementor-element-713a65c e-flex e-con-boxed e-con e-child\" data-id=\"713a65c\" data-element_type=\"container\" data-e-type=\"container\">\n\t\t\t\t\t<div class=\"e-con-inner\">\n\t\t\t\t<div class=\"elementor-element elementor-element-50c38a7 elementor-view-default elementor-widget elementor-widget-icon\" data-id=\"50c38a7\" data-element_type=\"widget\" data-e-type=\"widget\" data-widget_type=\"icon.default\">\n\t\t\t\t<div class=\"elementor-widget-container\">\n\t\t\t\t\t\t\t<div class=\"elementor-icon-wrapper\">\n\t\t\t<div class=\"elementor-icon\">\n\t\t\t<svg xmlns=\"http:\/\/www.w3.org\/2000\/svg\" width=\"9\" height=\"40\" viewbox=\"0 0 9 40\"><rect id=\"Rechteck_88\" data-name=\"Rechteck 88\" width=\"9\" height=\"40\" fill=\"#ce2628\"><\/rect><\/svg>\t\t\t<\/div>\n\t\t<\/div>\n\t\t\t\t\t\t<\/div>\n\t\t\t\t<\/div>\n\t\t\t\t<div class=\"elementor-element elementor-element-f41c0da elementor-widget elementor-widget-heading\" data-id=\"f41c0da\" data-element_type=\"widget\" data-e-type=\"widget\" data-widget_type=\"heading.default\">\n\t\t\t\t<div class=\"elementor-widget-container\">\n\t\t\t\t\t<h2 class=\"elementor-heading-title elementor-size-default\">Requirements analysis<\/h2>\t\t\t\t<\/div>\n\t\t\t\t<\/div>\n\t\t\t\t\t<\/div>\n\t\t\t\t<\/div>\n\t\t<div class=\"elementor-element elementor-element-345ef63 e-con-full e-flex e-con e-child\" data-id=\"345ef63\" data-element_type=\"container\" data-e-type=\"container\">\n\t\t<div class=\"elementor-element elementor-element-66900d4 e-grid e-con-full e-con e-child\" data-id=\"66900d4\" data-element_type=\"container\" data-e-type=\"container\">\n\t\t\t\t<div class=\"elementor-element elementor-element-1783e46 elementor-widget elementor-widget-text-editor\" data-id=\"1783e46\" data-element_type=\"widget\" data-e-type=\"widget\" data-widget_type=\"text-editor.default\">\n\t\t\t\t<div class=\"elementor-widget-container\">\n\t\t\t\t\t\t\t\t\t<h4><span style=\"font-weight: 400;\">Requirements analysis, UI design, application architecture<\/span><\/h4><p><span style=\"font-weight: 400;\">You have decided to develop a new application or have it developed and would first like a detailed conception of the functionalities to be implemented and perhaps also a detailed design of the user interface.<\/span><\/p><h4>Requirements Gathering<\/h4><p><span style=\"font-weight: 400;\">Our requirements engineering specialists conduct requirements workshops with your departments to capture, precisely formulate and harmonize the wishes of all stakeholders. The results are refined through reviews and documented in a technical concept.<\/span><\/p>\t\t\t\t\t\t\t\t<\/div>\n\t\t\t\t<\/div>\n\t\t\t\t<div class=\"elementor-element elementor-element-74f941d elementor-widget elementor-widget-image\" data-id=\"74f941d\" data-element_type=\"widget\" data-e-type=\"widget\" data-widget_type=\"image.default\">\n\t\t\t\t<div class=\"elementor-widget-container\">\n\t\t\t\t\t\t\t\t\t\t\t\t\t\t\t<img decoding=\"async\" src=\"https:\/\/ciit-software.com\/wp-content\/uploads\/2024\/05\/requirements-scaled.avif\" title=\"requirements\" alt=\"Anforderungsanalyse\" loading=\"lazy\" \/>\t\t\t\t\t\t\t\t\t\t\t\t\t\t\t<\/div>\n\t\t\t\t<\/div>\n\t\t\t\t<\/div>\n\t\t<div class=\"elementor-element elementor-element-65530c2 e-grid e-con-full e-con e-child\" data-id=\"65530c2\" data-element_type=\"container\" data-e-type=\"container\">\n\t\t\t\t<div class=\"elementor-element elementor-element-f9983b8 elementor-widget elementor-widget-image\" data-id=\"f9983b8\" data-element_type=\"widget\" data-e-type=\"widget\" data-widget_type=\"image.default\">\n\t\t\t\t<div class=\"elementor-widget-container\">\n\t\t\t\t\t\t\t\t\t\t\t\t<figure class=\"wp-caption\">\n\t\t\t\t\t\t\t\t\t\t<img fetchpriority=\"high\" decoding=\"async\" width=\"2560\" height=\"1268\" src=\"https:\/\/ciit-software.com\/wp-content\/uploads\/2024\/05\/ux-scaled.avif\" class=\"attachment-full size-full wp-image-6430\" alt=\"UX User Experience\" srcset=\"https:\/\/ciit-software.com\/wp-content\/uploads\/2024\/05\/ux-scaled.avif 2560w, https:\/\/ciit-software.com\/wp-content\/uploads\/2024\/05\/ux-300x149.avif 300w, https:\/\/ciit-software.com\/wp-content\/uploads\/2024\/05\/ux-1024x507.avif 1024w, https:\/\/ciit-software.com\/wp-content\/uploads\/2024\/05\/ux-768x380.avif 768w, https:\/\/ciit-software.com\/wp-content\/uploads\/2024\/05\/ux-1536x761.avif 1536w, https:\/\/ciit-software.com\/wp-content\/uploads\/2024\/05\/ux-2048x1015.avif 2048w, https:\/\/ciit-software.com\/wp-content\/uploads\/2024\/05\/ux-18x9.avif 18w\" sizes=\"(max-width: 2560px) 100vw, 2560px\" \/>\t\t\t\t\t\t\t\t\t\t\t<figcaption class=\"widget-image-caption wp-caption-text\"><\/figcaption>\n\t\t\t\t\t\t\t\t\t\t<\/figure>\n\t\t\t\t\t\t\t\t\t<\/div>\n\t\t\t\t<\/div>\n\t\t\t\t<div class=\"elementor-element elementor-element-a7ebe76 elementor-widget elementor-widget-text-editor\" data-id=\"a7ebe76\" data-element_type=\"widget\" data-e-type=\"widget\" data-widget_type=\"text-editor.default\">\n\t\t\t\t<div class=\"elementor-widget-container\">\n\t\t\t\t\t\t\t\t\t<h4>UI design<\/h4><p><span style=\"font-weight: 400;\">The user interface is first created in the form of wireframes and then worked out in graphic detail. Our UX (User Experience) specialists work closely with our graphic designers to design a contemporary user interface that is tailored to the user group.\u00a0<\/span><\/p><p><span style=\"font-weight: 400;\">The aim is always to involve future users as much as possible. The most modern concepts for designing user interfaces are used.<\/span><\/p>\t\t\t\t\t\t\t\t<\/div>\n\t\t\t\t<\/div>\n\t\t\t\t<\/div>\n\t\t<div class=\"elementor-element elementor-element-b85a1fb e-grid e-con-full e-con e-child\" data-id=\"b85a1fb\" data-element_type=\"container\" data-e-type=\"container\">\n\t\t\t\t<div class=\"elementor-element elementor-element-d1e7c31 elementor-widget elementor-widget-text-editor\" data-id=\"d1e7c31\" data-element_type=\"widget\" data-e-type=\"widget\" data-widget_type=\"text-editor.default\">\n\t\t\t\t<div class=\"elementor-widget-container\">\n\t\t\t\t\t\t\t\t\t<h4>Use of existing UI components versus in-house development<\/h4><p><span style=\"font-weight: 400;\">An important decision in the development process is the use of existing component libraries for the implementation of the user interface. If there are very specific requirements for the design and look &amp; feel of the application, the interface components are often developed completely individually.\u00a0<\/span><\/p><p><span style=\"font-weight: 400;\">A more cost-effective option is to use prefabricated components, which save the development team and graphic designers a lot of effort and thus reduce development costs. The disadvantage of this is that the interface can be customized to a lesser extent.<\/span><\/p>\t\t\t\t\t\t\t\t<\/div>\n\t\t\t\t<\/div>\n\t\t\t\t<div class=\"elementor-element elementor-element-e9e5b70 elementor-widget elementor-widget-image\" data-id=\"e9e5b70\" data-element_type=\"widget\" data-e-type=\"widget\" data-widget_type=\"image.default\">\n\t\t\t\t<div class=\"elementor-widget-container\">\n\t\t\t\t\t\t\t\t\t\t\t\t\t\t\t<img decoding=\"async\" src=\"https:\/\/ciit-software.com\/wp-content\/uploads\/2024\/05\/components.avif\" title=\"components\" alt=\"components\" loading=\"lazy\" \/>\t\t\t\t\t\t\t\t\t\t\t\t\t\t\t<\/div>\n\t\t\t\t<\/div>\n\t\t\t\t<\/div>\n\t\t<div class=\"elementor-element elementor-element-4ce5bbe e-grid e-con-full e-con e-child\" data-id=\"4ce5bbe\" data-element_type=\"container\" data-e-type=\"container\">\n\t\t\t\t<div class=\"elementor-element elementor-element-5efad92 elementor-widget elementor-widget-image\" data-id=\"5efad92\" data-element_type=\"widget\" data-e-type=\"widget\" data-widget_type=\"image.default\">\n\t\t\t\t<div class=\"elementor-widget-container\">\n\t\t\t\t\t\t\t\t\t\t\t\t\t\t\t<img decoding=\"async\" src=\"https:\/\/ciit-software.com\/wp-content\/uploads\/2024\/05\/architecture.avif\" title=\"architecture\" alt=\"Architekturdiagramm\" loading=\"lazy\" \/>\t\t\t\t\t\t\t\t\t\t\t\t\t\t\t<\/div>\n\t\t\t\t<\/div>\n\t\t\t\t<div class=\"elementor-element elementor-element-d7d2a8f elementor-widget elementor-widget-text-editor\" data-id=\"d7d2a8f\" data-element_type=\"widget\" data-e-type=\"widget\" data-widget_type=\"text-editor.default\">\n\t\t\t\t<div class=\"elementor-widget-container\">\n\t\t\t\t\t\t\t\t\t<h4>Design of the technical architecture<\/h4><p><span style=\"font-weight: 400;\">Whenever an application is developed, the question arises as to which programming languages, frameworks and libraries are used. In addition, integration, security and operational aspects must be included in the application architecture. In addition, the following questions are examined, among others:<\/span><\/p><ul><li style=\"font-weight: 400;\" aria-level=\"1\"><span style=\"font-weight: 400;\">Will the application be hosted on-premises, with a local managed service provider, or in a public cloud such as AWS, Microsoft Azure, or Google Cloud?<\/span><\/li><li style=\"font-weight: 400;\" aria-level=\"1\"><span style=\"font-weight: 400;\">Which integrations into other systems should be implemented during development?<\/span><\/li><li style=\"font-weight: 400;\" aria-level=\"1\"><span style=\"font-weight: 400;\">Which data and legacy applications need to be migrated before going live?<\/span><\/li><li style=\"font-weight: 400;\" aria-level=\"1\"><span style=\"font-weight: 400;\">In which expansion stages is the go-live planned?<\/span><\/li><li style=\"font-weight: 400;\" aria-level=\"1\"><span style=\"font-weight: 400;\">Are app or cloud connections required?<\/span><\/li><\/ul><div>\u00a0<\/div><p><span style=\"font-weight: 400;\">All these aspects influence the technical implementation and system architecture of the application, which is worked out and described in detail.<\/span><\/p><h4><a href=\"https:\/\/ciit-software.com\/en\/kontakt\/\">Contact us!<\/a><\/h4><p>Let us realize your vision together. We look forward to your inquiry!<\/p>\t\t\t\t\t\t\t\t<\/div>\n\t\t\t\t<\/div>\n\t\t\t\t<\/div>\n\t\t\t\t<\/div>\n\t\t\t\t<\/div>\n\t\t\t\t<\/div>\n\t\t\t\t<\/div>","protected":false},"excerpt":{"rendered":"<p>CIIT Team im einer internen Besprechung Anforderungsanalyse Anforderungsanalyse, UI Entwurf, Anwendungsarchitektur Sie haben sich entschieden, eine neue Anwendung zu entwickeln bzw. entwickeln zu lassen und m\u00f6chten zun\u00e4chst eine detaillierte Konzeption der umzusetzenden Funktionalit\u00e4ten und vielleicht auch einen detaillierten Entwurf der Benutzeroberfl\u00e4che. Requirements Gathering Unsere Requirements-Engineering-Spezialisten f\u00fchren Anforderungs-Workshops mit Ihren Fachbereichen durch, um die W\u00fcnsche aller [&hellip;]<\/p>\n","protected":false},"author":8,"featured_media":0,"parent":0,"menu_order":0,"comment_status":"closed","ping_status":"closed","template":"","meta":{"inline_featured_image":false,"footnotes":""},"class_list":["post-6484","page","type-page","status-publish","hentry"],"yoast_head":"<!-- This site is optimized with the Yoast SEO plugin v27.3 - https:\/\/yoast.com\/product\/yoast-seo-wordpress\/ -->\n<title>Anforderungsanalyse - CIIT<\/title>\n<meta name=\"description\" content=\"Sie m\u00f6chten eine neue Anwendung entwickeln und zun\u00e4chst eine Anforderungsanalyse mit Funktions- und UI-Entwurf durchf\u00fchren?\" \/>\n<meta name=\"robots\" content=\"index, follow, max-snippet:-1, max-image-preview:large, max-video-preview:-1\" \/>\n<link rel=\"canonical\" href=\"https:\/\/ciit-software.com\/en\/anforderungsanalyse\/\" \/>\n<meta property=\"og:locale\" content=\"en_US\" \/>\n<meta property=\"og:type\" content=\"article\" \/>\n<meta property=\"og:title\" content=\"Anforderungsanalyse - CIIT\" \/>\n<meta property=\"og:description\" content=\"Sie m\u00f6chten eine neue Anwendung entwickeln und zun\u00e4chst eine Anforderungsanalyse mit Funktions- und UI-Entwurf durchf\u00fchren?\" \/>\n<meta property=\"og:url\" content=\"https:\/\/ciit-software.com\/en\/anforderungsanalyse\/\" \/>\n<meta property=\"og:site_name\" content=\"CIIT\" \/>\n<meta property=\"article:publisher\" content=\"https:\/\/www.facebook.com\/CIITIndividualsoftware\" \/>\n<meta property=\"article:modified_time\" content=\"2026-03-12T08:33:36+00:00\" \/>\n<meta property=\"og:image\" content=\"https:\/\/ciit-software.com\/wp-content\/uploads\/2024\/05\/requirements-scaled.avif\" \/>\n<meta name=\"twitter:card\" content=\"summary_large_image\" \/>\n<meta name=\"twitter:site\" content=\"@CIIT_at\" \/>\n<meta name=\"twitter:label1\" content=\"Est. reading time\" \/>\n\t<meta name=\"twitter:data1\" content=\"3 minutes\" \/>\n<script type=\"application\/ld+json\" class=\"yoast-schema-graph\">{\"@context\":\"https:\\\/\\\/schema.org\",\"@graph\":[{\"@type\":\"TechArticle\",\"@id\":\"https:\\\/\\\/ciit-software.com\\\/anforderungsanalyse\\\/#article\",\"isPartOf\":{\"@id\":\"https:\\\/\\\/ciit-software.com\\\/anforderungsanalyse\\\/\"},\"author\":{\"name\":\"Michael Schaffler-Gl\u00f6\u00dfl\",\"@id\":\"https:\\\/\\\/ciit-software.com\\\/#\\\/schema\\\/person\\\/a4b77611f602115013aca7ecdfa1cde2\"},\"headline\":\"Anforderungsanalyse\",\"datePublished\":\"2024-05-24T13:57:19+00:00\",\"dateModified\":\"2026-03-12T08:33:36+00:00\",\"mainEntityOfPage\":{\"@id\":\"https:\\\/\\\/ciit-software.com\\\/anforderungsanalyse\\\/\"},\"wordCount\":372,\"publisher\":{\"@id\":\"https:\\\/\\\/ciit-software.com\\\/#organization\"},\"image\":{\"@id\":\"https:\\\/\\\/ciit-software.com\\\/anforderungsanalyse\\\/#primaryimage\"},\"thumbnailUrl\":\"https:\\\/\\\/ciit-software.com\\\/wp-content\\\/uploads\\\/2024\\\/05\\\/requirements-scaled.avif\",\"inLanguage\":\"en-US\"},{\"@type\":[\"WebPage\",\"ItemPage\"],\"@id\":\"https:\\\/\\\/ciit-software.com\\\/anforderungsanalyse\\\/\",\"url\":\"https:\\\/\\\/ciit-software.com\\\/anforderungsanalyse\\\/\",\"name\":\"Anforderungsanalyse - CIIT\",\"isPartOf\":{\"@id\":\"https:\\\/\\\/ciit-software.com\\\/#website\"},\"primaryImageOfPage\":{\"@id\":\"https:\\\/\\\/ciit-software.com\\\/anforderungsanalyse\\\/#primaryimage\"},\"image\":{\"@id\":\"https:\\\/\\\/ciit-software.com\\\/anforderungsanalyse\\\/#primaryimage\"},\"thumbnailUrl\":\"https:\\\/\\\/ciit-software.com\\\/wp-content\\\/uploads\\\/2024\\\/05\\\/requirements-scaled.avif\",\"datePublished\":\"2024-05-24T13:57:19+00:00\",\"dateModified\":\"2026-03-12T08:33:36+00:00\",\"description\":\"Sie m\u00f6chten eine neue Anwendung entwickeln und zun\u00e4chst eine Anforderungsanalyse mit Funktions- und UI-Entwurf durchf\u00fchren?\",\"breadcrumb\":{\"@id\":\"https:\\\/\\\/ciit-software.com\\\/anforderungsanalyse\\\/#breadcrumb\"},\"inLanguage\":\"en-US\",\"potentialAction\":[{\"@type\":\"ReadAction\",\"target\":[\"https:\\\/\\\/ciit-software.com\\\/anforderungsanalyse\\\/\"]}]},{\"@type\":\"ImageObject\",\"inLanguage\":\"en-US\",\"@id\":\"https:\\\/\\\/ciit-software.com\\\/anforderungsanalyse\\\/#primaryimage\",\"url\":\"https:\\\/\\\/ciit-software.com\\\/wp-content\\\/uploads\\\/2024\\\/05\\\/requirements-scaled.avif\",\"contentUrl\":\"https:\\\/\\\/ciit-software.com\\\/wp-content\\\/uploads\\\/2024\\\/05\\\/requirements-scaled.avif\"},{\"@type\":\"BreadcrumbList\",\"@id\":\"https:\\\/\\\/ciit-software.com\\\/anforderungsanalyse\\\/#breadcrumb\",\"itemListElement\":[{\"@type\":\"ListItem\",\"position\":1,\"name\":\"Home\",\"item\":\"https:\\\/\\\/ciit-software.com\\\/\"},{\"@type\":\"ListItem\",\"position\":2,\"name\":\"Anforderungsanalyse\"}]},{\"@type\":\"WebSite\",\"@id\":\"https:\\\/\\\/ciit-software.com\\\/#website\",\"url\":\"https:\\\/\\\/ciit-software.com\\\/\",\"name\":\"CIIT\",\"description\":\"Individual Software\",\"publisher\":{\"@id\":\"https:\\\/\\\/ciit-software.com\\\/#organization\"},\"potentialAction\":[{\"@type\":\"SearchAction\",\"target\":{\"@type\":\"EntryPoint\",\"urlTemplate\":\"https:\\\/\\\/ciit-software.com\\\/?s={search_term_string}\"},\"query-input\":{\"@type\":\"PropertyValueSpecification\",\"valueRequired\":true,\"valueName\":\"search_term_string\"}}],\"inLanguage\":\"en-US\"},{\"@type\":\"Organization\",\"@id\":\"https:\\\/\\\/ciit-software.com\\\/#organization\",\"name\":\"CIIT GmbH\",\"url\":\"https:\\\/\\\/ciit-software.com\\\/\",\"logo\":{\"@type\":\"ImageObject\",\"inLanguage\":\"en-US\",\"@id\":\"https:\\\/\\\/ciit-software.com\\\/#\\\/schema\\\/logo\\\/image\\\/\",\"url\":\"https:\\\/\\\/ciit-software.com\\\/wp-content\\\/uploads\\\/2024\\\/01\\\/cropped-CIIT_Logo_Software-Develoment.png\",\"contentUrl\":\"https:\\\/\\\/ciit-software.com\\\/wp-content\\\/uploads\\\/2024\\\/01\\\/cropped-CIIT_Logo_Software-Develoment.png\",\"width\":512,\"height\":512,\"caption\":\"CIIT GmbH\"},\"image\":{\"@id\":\"https:\\\/\\\/ciit-software.com\\\/#\\\/schema\\\/logo\\\/image\\\/\"},\"sameAs\":[\"https:\\\/\\\/www.facebook.com\\\/CIITIndividualsoftware\",\"https:\\\/\\\/x.com\\\/CIIT_at\"]},{\"@type\":\"Person\",\"@id\":\"https:\\\/\\\/ciit-software.com\\\/#\\\/schema\\\/person\\\/a4b77611f602115013aca7ecdfa1cde2\",\"name\":\"Michael Schaffler-Gl\u00f6\u00dfl\",\"url\":\"https:\\\/\\\/ciit-software.com\\\/en\\\/author\\\/michael\\\/\"}]}<\/script>\n<!-- \/ Yoast SEO plugin. -->","yoast_head_json":{"title":"Requirements analysis - CIIT","description":"You want to develop a new application and first conduct a requirements analysis with functional and UI design?","robots":{"index":"index","follow":"follow","max-snippet":"max-snippet:-1","max-image-preview":"max-image-preview:large","max-video-preview":"max-video-preview:-1"},"canonical":"https:\/\/ciit-software.com\/en\/anforderungsanalyse\/","og_locale":"en_US","og_type":"article","og_title":"Anforderungsanalyse - CIIT","og_description":"Sie m\u00f6chten eine neue Anwendung entwickeln und zun\u00e4chst eine Anforderungsanalyse mit Funktions- und UI-Entwurf durchf\u00fchren?","og_url":"https:\/\/ciit-software.com\/en\/anforderungsanalyse\/","og_site_name":"CIIT","article_publisher":"https:\/\/www.facebook.com\/CIITIndividualsoftware","article_modified_time":"2026-03-12T08:33:36+00:00","og_image":[{"url":"https:\/\/ciit-software.com\/wp-content\/uploads\/2024\/05\/requirements-scaled.avif","type":"","width":"","height":""}],"twitter_card":"summary_large_image","twitter_site":"@CIIT_at","twitter_misc":{"Est. reading time":"3 minutes"},"schema":{"@context":"https:\/\/schema.org","@graph":[{"@type":"TechArticle","@id":"https:\/\/ciit-software.com\/anforderungsanalyse\/#article","isPartOf":{"@id":"https:\/\/ciit-software.com\/anforderungsanalyse\/"},"author":{"name":"Michael Schaffler-Gl\u00f6\u00dfl","@id":"https:\/\/ciit-software.com\/#\/schema\/person\/a4b77611f602115013aca7ecdfa1cde2"},"headline":"Anforderungsanalyse","datePublished":"2024-05-24T13:57:19+00:00","dateModified":"2026-03-12T08:33:36+00:00","mainEntityOfPage":{"@id":"https:\/\/ciit-software.com\/anforderungsanalyse\/"},"wordCount":372,"publisher":{"@id":"https:\/\/ciit-software.com\/#organization"},"image":{"@id":"https:\/\/ciit-software.com\/anforderungsanalyse\/#primaryimage"},"thumbnailUrl":"https:\/\/ciit-software.com\/wp-content\/uploads\/2024\/05\/requirements-scaled.avif","inLanguage":"en-US"},{"@type":["WebPage","ItemPage"],"@id":"https:\/\/ciit-software.com\/anforderungsanalyse\/","url":"https:\/\/ciit-software.com\/anforderungsanalyse\/","name":"Requirements analysis - CIIT","isPartOf":{"@id":"https:\/\/ciit-software.com\/#website"},"primaryImageOfPage":{"@id":"https:\/\/ciit-software.com\/anforderungsanalyse\/#primaryimage"},"image":{"@id":"https:\/\/ciit-software.com\/anforderungsanalyse\/#primaryimage"},"thumbnailUrl":"https:\/\/ciit-software.com\/wp-content\/uploads\/2024\/05\/requirements-scaled.avif","datePublished":"2024-05-24T13:57:19+00:00","dateModified":"2026-03-12T08:33:36+00:00","description":"You want to develop a new application and first conduct a requirements analysis with functional and UI design?","breadcrumb":{"@id":"https:\/\/ciit-software.com\/anforderungsanalyse\/#breadcrumb"},"inLanguage":"en-US","potentialAction":[{"@type":"ReadAction","target":["https:\/\/ciit-software.com\/anforderungsanalyse\/"]}]},{"@type":"ImageObject","inLanguage":"en-US","@id":"https:\/\/ciit-software.com\/anforderungsanalyse\/#primaryimage","url":"https:\/\/ciit-software.com\/wp-content\/uploads\/2024\/05\/requirements-scaled.avif","contentUrl":"https:\/\/ciit-software.com\/wp-content\/uploads\/2024\/05\/requirements-scaled.avif"},{"@type":"BreadcrumbList","@id":"https:\/\/ciit-software.com\/anforderungsanalyse\/#breadcrumb","itemListElement":[{"@type":"ListItem","position":1,"name":"Home","item":"https:\/\/ciit-software.com\/"},{"@type":"ListItem","position":2,"name":"Anforderungsanalyse"}]},{"@type":"WebSite","@id":"https:\/\/ciit-software.com\/#website","url":"https:\/\/ciit-software.com\/","name":"CIIT","description":"Individual software","publisher":{"@id":"https:\/\/ciit-software.com\/#organization"},"potentialAction":[{"@type":"SearchAction","target":{"@type":"EntryPoint","urlTemplate":"https:\/\/ciit-software.com\/?s={search_term_string}"},"query-input":{"@type":"PropertyValueSpecification","valueRequired":true,"valueName":"search_term_string"}}],"inLanguage":"en-US"},{"@type":"Organization","@id":"https:\/\/ciit-software.com\/#organization","name":"CIIT GmbH","url":"https:\/\/ciit-software.com\/","logo":{"@type":"ImageObject","inLanguage":"en-US","@id":"https:\/\/ciit-software.com\/#\/schema\/logo\/image\/","url":"https:\/\/ciit-software.com\/wp-content\/uploads\/2024\/01\/cropped-CIIT_Logo_Software-Develoment.png","contentUrl":"https:\/\/ciit-software.com\/wp-content\/uploads\/2024\/01\/cropped-CIIT_Logo_Software-Develoment.png","width":512,"height":512,"caption":"CIIT GmbH"},"image":{"@id":"https:\/\/ciit-software.com\/#\/schema\/logo\/image\/"},"sameAs":["https:\/\/www.facebook.com\/CIITIndividualsoftware","https:\/\/x.com\/CIIT_at"]},{"@type":"Person","@id":"https:\/\/ciit-software.com\/#\/schema\/person\/a4b77611f602115013aca7ecdfa1cde2","name":"Michael Schaffler-Gl\u00f6\u00dfl","url":"https:\/\/ciit-software.com\/en\/author\/michael\/"}]}},"_links":{"self":[{"href":"https:\/\/ciit-software.com\/en\/wp-json\/wp\/v2\/pages\/6484","targetHints":{"allow":["GET"]}}],"collection":[{"href":"https:\/\/ciit-software.com\/en\/wp-json\/wp\/v2\/pages"}],"about":[{"href":"https:\/\/ciit-software.com\/en\/wp-json\/wp\/v2\/types\/page"}],"author":[{"embeddable":true,"href":"https:\/\/ciit-software.com\/en\/wp-json\/wp\/v2\/users\/8"}],"replies":[{"embeddable":true,"href":"https:\/\/ciit-software.com\/en\/wp-json\/wp\/v2\/comments?post=6484"}],"version-history":[{"count":1,"href":"https:\/\/ciit-software.com\/en\/wp-json\/wp\/v2\/pages\/6484\/revisions"}],"predecessor-version":[{"id":9432,"href":"https:\/\/ciit-software.com\/en\/wp-json\/wp\/v2\/pages\/6484\/revisions\/9432"}],"wp:attachment":[{"href":"https:\/\/ciit-software.com\/en\/wp-json\/wp\/v2\/media?parent=6484"}],"curies":[{"name":"wp","href":"https:\/\/api.w.org\/{rel}","templated":true}]}}