{"id":6415,"date":"2024-05-24T08:49:21","date_gmt":"2024-05-24T09:49:21","guid":{"rendered":"https:\/\/ciit-software.com\/?page_id=6415"},"modified":"2026-03-12T07:32:48","modified_gmt":"2026-03-12T08:32:48","slug":"softwareentwicklung","status":"publish","type":"page","link":"https:\/\/ciit-software.com\/en\/softwareentwicklung\/","title":{"rendered":"Software development"},"content":{"rendered":"<div data-elementor-type=\"wp-page\" data-elementor-id=\"6415\" class=\"elementor elementor-6415\" data-elementor-post-type=\"page\">\n\t\t\t\t\t\t<section class=\"elementor-section elementor-top-section elementor-element elementor-element-2cd086f elementor-section-full_width elementor-section-height-min-height elementor-section-items-bottom elementor-section-height-default\" data-id=\"2cd086f\" data-element_type=\"section\" data-e-type=\"section\" data-settings=\"{&quot;background_background&quot;:&quot;classic&quot;}\">\n\t\t\t\t\t\t\t<div class=\"elementor-background-overlay\"><\/div>\n\t\t\t\t\t\t\t<div class=\"elementor-container elementor-column-gap-default\">\n\t\t\t\t\t<div class=\"elementor-column elementor-col-100 elementor-top-column elementor-element elementor-element-a5886d9\" data-id=\"a5886d9\" data-element_type=\"column\" data-e-type=\"column\">\n\t\t\t<div class=\"elementor-widget-wrap elementor-element-populated\">\n\t\t\t\t\t\t<div class=\"elementor-element elementor-element-c049264 elementor-widget elementor-widget-text-editor\" data-id=\"c049264\" data-element_type=\"widget\" data-e-type=\"widget\" data-widget_type=\"text-editor.default\">\n\t\t\t\t<div class=\"elementor-widget-container\">\n\t\t\t\t\t\t\t\t\t<p><em>CIIT team in an internal meeting<\/em><\/p>\t\t\t\t\t\t\t\t<\/div>\n\t\t\t\t<\/div>\n\t\t\t\t\t<\/div>\n\t\t<\/div>\n\t\t\t\t\t<\/div>\n\t\t<\/section>\n\t\t<div class=\"elementor-element elementor-element-a784db8 e-con-full e-flex e-con e-parent\" data-id=\"a784db8\" data-element_type=\"container\" data-e-type=\"container\">\n\t\t<div class=\"elementor-element elementor-element-8c9862f e-con-full e-flex e-con e-child\" data-id=\"8c9862f\" data-element_type=\"container\" data-e-type=\"container\">\n\t\t<div class=\"elementor-element elementor-element-713a65c e-flex e-con-boxed e-con e-child\" data-id=\"713a65c\" data-element_type=\"container\" data-e-type=\"container\">\n\t\t\t\t\t<div class=\"e-con-inner\">\n\t\t\t\t<div class=\"elementor-element elementor-element-50c38a7 elementor-view-default elementor-widget elementor-widget-icon\" data-id=\"50c38a7\" data-element_type=\"widget\" data-e-type=\"widget\" data-widget_type=\"icon.default\">\n\t\t\t\t<div class=\"elementor-widget-container\">\n\t\t\t\t\t\t\t<div class=\"elementor-icon-wrapper\">\n\t\t\t<div class=\"elementor-icon\">\n\t\t\t<svg xmlns=\"http:\/\/www.w3.org\/2000\/svg\" width=\"9\" height=\"40\" viewbox=\"0 0 9 40\"><rect id=\"Rechteck_88\" data-name=\"Rechteck 88\" width=\"9\" height=\"40\" fill=\"#ce2628\"><\/rect><\/svg>\t\t\t<\/div>\n\t\t<\/div>\n\t\t\t\t\t\t<\/div>\n\t\t\t\t<\/div>\n\t\t\t\t<div class=\"elementor-element elementor-element-f41c0da elementor-widget elementor-widget-heading\" data-id=\"f41c0da\" data-element_type=\"widget\" data-e-type=\"widget\" data-widget_type=\"heading.default\">\n\t\t\t\t<div class=\"elementor-widget-container\">\n\t\t\t\t\t<h2 class=\"elementor-heading-title elementor-size-default\">Software Development<\/h2>\t\t\t\t<\/div>\n\t\t\t\t<\/div>\n\t\t\t\t\t<\/div>\n\t\t\t\t<\/div>\n\t\t<div class=\"elementor-element elementor-element-345ef63 e-con-full e-flex e-con e-child\" data-id=\"345ef63\" data-element_type=\"container\" data-e-type=\"container\">\n\t\t<div class=\"elementor-element elementor-element-66900d4 e-grid e-con-full e-con e-child\" data-id=\"66900d4\" data-element_type=\"container\" data-e-type=\"container\">\n\t\t\t\t<div class=\"elementor-element elementor-element-1783e46 elementor-widget elementor-widget-text-editor\" data-id=\"1783e46\" data-element_type=\"widget\" data-e-type=\"widget\" data-widget_type=\"text-editor.default\">\n\t\t\t\t<div class=\"elementor-widget-container\">\n\t\t\t\t\t\t\t\t\t<h4>Software development<\/h4><p>CIIT Software has been developing modern and customized software solutions for over 20 years. With a constant focus on the latest technologies, we ensure that our customers always benefit from the best innovations available.<\/p><h4>Non-binding contact<\/h4><p>Contact us without obligation. Let us first understand your ideas and goals and discuss together how we can design your software solution to make your company even more successful. Our free and non-binding introductory workshops offer you the opportunity to get to know us.<\/p><h4>Our services at a glance<\/h4><ul><li>Internet Web Applications<\/li><li>Intranet web applications<\/li><li>Mobile apps for iOS and Android, for both smartphones and tablets<\/li><li>Desktop apps for Windows and macOS<\/li><li>Database applications<\/li><li>Applications for integration into control and measurement systems<\/li><li>Integrations into ERP and CRM systems<\/li><li>Integrations into cash register, warehousing and accounting systems<\/li><li>\u2026 and much more<\/li><\/ul>\t\t\t\t\t\t\t\t<\/div>\n\t\t\t\t<\/div>\n\t\t\t\t<div class=\"elementor-element elementor-element-74f941d elementor-widget elementor-widget-image\" data-id=\"74f941d\" data-element_type=\"widget\" data-e-type=\"widget\" data-widget_type=\"image.default\">\n\t\t\t\t<div class=\"elementor-widget-container\">\n\t\t\t\t\t\t\t\t\t\t\t\t\t\t\t<img decoding=\"async\" src=\"https:\/\/ciit-software.com\/wp-content\/uploads\/2024\/05\/workshop-scaled.avif\" title=\"workshops\" alt=\"Workshop bei CIIT\" loading=\"lazy\" \/>\t\t\t\t\t\t\t\t\t\t\t\t\t\t\t<\/div>\n\t\t\t\t<\/div>\n\t\t\t\t<\/div>\n\t\t<div class=\"elementor-element elementor-element-65530c2 e-grid e-con-full e-con e-child\" data-id=\"65530c2\" data-element_type=\"container\" data-e-type=\"container\">\n\t\t\t\t<div class=\"elementor-element elementor-element-f9983b8 elementor-widget elementor-widget-image\" data-id=\"f9983b8\" data-element_type=\"widget\" data-e-type=\"widget\" data-widget_type=\"image.default\">\n\t\t\t\t<div class=\"elementor-widget-container\">\n\t\t\t\t\t\t\t\t\t\t\t\t<figure class=\"wp-caption\">\n\t\t\t\t\t\t\t\t\t\t<img fetchpriority=\"high\" decoding=\"async\" width=\"2560\" height=\"1280\" src=\"https:\/\/ciit-software.com\/wp-content\/uploads\/2024\/05\/scrum-scaled.avif\" class=\"attachment-full size-full wp-image-6511\" alt=\"\" srcset=\"https:\/\/ciit-software.com\/wp-content\/uploads\/2024\/05\/scrum-scaled.avif 2560w, https:\/\/ciit-software.com\/wp-content\/uploads\/2024\/05\/scrum-300x150.avif 300w, https:\/\/ciit-software.com\/wp-content\/uploads\/2024\/05\/scrum-1024x512.avif 1024w, https:\/\/ciit-software.com\/wp-content\/uploads\/2024\/05\/scrum-768x384.avif 768w, https:\/\/ciit-software.com\/wp-content\/uploads\/2024\/05\/scrum-1536x768.avif 1536w, https:\/\/ciit-software.com\/wp-content\/uploads\/2024\/05\/scrum-2048x1024.avif 2048w, https:\/\/ciit-software.com\/wp-content\/uploads\/2024\/05\/scrum-18x9.avif 18w\" sizes=\"(max-width: 2560px) 100vw, 2560px\" \/>\t\t\t\t\t\t\t\t\t\t\t<figcaption class=\"widget-image-caption wp-caption-text\">Scrum development process<\/figcaption>\n\t\t\t\t\t\t\t\t\t\t<\/figure>\n\t\t\t\t\t\t\t\t\t<\/div>\n\t\t\t\t<\/div>\n\t\t\t\t<div class=\"elementor-element elementor-element-a7ebe76 elementor-widget elementor-widget-text-editor\" data-id=\"a7ebe76\" data-element_type=\"widget\" data-e-type=\"widget\" data-widget_type=\"text-editor.default\">\n\t\t\t\t<div class=\"elementor-widget-container\">\n\t\t\t\t\t\t\t\t\t<h4>Maintenance of existing applications<\/h4><p><span style=\"font-weight: 400;\">We are happy to take over the maintenance of software applications that you have had developed by other providers. With our particularly customer-friendly maintenance concept, we work extremely successfully with numerous customers.<\/span><\/p><p><span style=\"font-weight: 400;\">As part of maintenance:<\/span><\/p><ul><li style=\"font-weight: 400;\" aria-level=\"1\"><span style=\"font-weight: 400;\">Let&#039;s correct mistakes<\/span><\/li><li style=\"font-weight: 400;\" aria-level=\"1\"><span style=\"font-weight: 400;\">We migrate to modern technologies on request<\/span><\/li><li style=\"font-weight: 400;\" aria-level=\"1\"><span style=\"font-weight: 400;\">Let&#039;s add additional functionality<\/span><\/li><\/ul><h4>New ideas for your application<\/h4><p><span style=\"font-weight: 400;\">Be inspired by our customers&#039; successful applications. Use our expertise to fully exploit the potential of your applications.<\/span><\/p><h4>AI components<\/h4><p><span style=\"font-weight: 400;\">Every application we develop can be enhanced with AI components, whether in the form of voice assistants or through prediction and optimization solutions based on your business data (machine learning). Let us show you the possibilities.<\/span><\/p><h4>Development process<\/h4><p><span style=\"font-weight: 400;\">CIIT Software uses Scrum as a development process. This agile project management methodology has led to a significant increase in efficiency and improved flexibility in the software industry. This means that new ideas that the customer wants to bring in during the development period can be taken into account easily and simply.<\/span><\/p><h4><a href=\"https:\/\/ciit-software.com\/en\/kontakt\/\"><span style=\"font-weight: 400;\">Contact us!<\/span><\/a><\/h4><p><span style=\"font-weight: 400;\">Let us realize your vision together. We look forward to your inquiry!<\/span><\/p>\t\t\t\t\t\t\t\t<\/div>\n\t\t\t\t<\/div>\n\t\t\t\t<\/div>\n\t\t\t\t<\/div>\n\t\t\t\t<\/div>\n\t\t\t\t<\/div>\n\t\t\t\t<\/div>","protected":false},"excerpt":{"rendered":"<p>CIIT Team im einer internen Besprechung Software-Entwicklung Software Entwicklung Seit \u00fcber 20 Jahren entwickelt CIIT Software moderne und ma\u00dfgeschneiderte Softwarel\u00f6sungen. Mit einem stetigen Fokus auf die neuesten Technologien sorgen wir daf\u00fcr, dass unsere Kunden stets von den besten verf\u00fcgbaren Innovationen profitieren. Unverbindliche Kontaktaufnahme Nehmen Sie unverbindlich Kontakt mit uns auf. Lassen Sie uns zun\u00e4chst Ihre [&hellip;]<\/p>\n","protected":false},"author":8,"featured_media":4134,"parent":0,"menu_order":0,"comment_status":"closed","ping_status":"closed","template":"","meta":{"inline_featured_image":false,"footnotes":""},"class_list":["post-6415","page","type-page","status-publish","has-post-thumbnail","hentry"],"yoast_head":"<!-- This site is optimized with the Yoast SEO plugin v27.4 - https:\/\/yoast.com\/product\/yoast-seo-wordpress\/ -->\n<title>Softwareentwicklung - CIIT<\/title>\n<meta name=\"description\" content=\"Sind Sie auf der Suche nach Software-Entwicklungspartner ? Kontaktieren Sie uns direkt: +43 1 375 0204 (\u00d6sterreich), +49 89 954 5718 10 (Deutschland)\" \/>\n<meta name=\"robots\" content=\"index, follow, max-snippet:-1, max-image-preview:large, max-video-preview:-1\" \/>\n<link rel=\"canonical\" href=\"https:\/\/ciit-software.com\/en\/softwareentwicklung\/\" \/>\n<meta property=\"og:locale\" content=\"en_US\" \/>\n<meta property=\"og:type\" content=\"article\" \/>\n<meta property=\"og:title\" content=\"Softwareentwicklung - CIIT\" \/>\n<meta property=\"og:description\" content=\"Sind Sie auf der Suche nach Software-Entwicklungspartner ? Kontaktieren Sie uns direkt: +43 1 375 0204 (\u00d6sterreich), +49 89 954 5718 10 (Deutschland)\" \/>\n<meta property=\"og:url\" content=\"https:\/\/ciit-software.com\/en\/softwareentwicklung\/\" \/>\n<meta property=\"og:site_name\" content=\"CIIT\" \/>\n<meta property=\"article:publisher\" content=\"https:\/\/www.facebook.com\/CIITIndividualsoftware\" \/>\n<meta property=\"article:modified_time\" content=\"2026-03-12T08:32:48+00:00\" \/>\n<meta name=\"twitter:card\" content=\"summary_large_image\" \/>\n<meta name=\"twitter:site\" content=\"@CIIT_at\" \/>\n<meta name=\"twitter:label1\" content=\"Est. reading time\" \/>\n\t<meta name=\"twitter:data1\" content=\"3 minutes\" \/>\n<script type=\"application\/ld+json\" class=\"yoast-schema-graph\">{\"@context\":\"https:\\\/\\\/schema.org\",\"@graph\":[{\"@type\":\"TechArticle\",\"@id\":\"https:\\\/\\\/ciit-software.com\\\/softwareentwicklung\\\/#article\",\"isPartOf\":{\"@id\":\"https:\\\/\\\/ciit-software.com\\\/softwareentwicklung\\\/\"},\"author\":{\"name\":\"Michael Schaffler-Gl\u00f6\u00dfl\",\"@id\":\"https:\\\/\\\/ciit-software.com\\\/#\\\/schema\\\/person\\\/a4b77611f602115013aca7ecdfa1cde2\"},\"headline\":\"Softwareentwicklung\",\"datePublished\":\"2024-05-24T09:49:21+00:00\",\"dateModified\":\"2026-03-12T08:32:48+00:00\",\"mainEntityOfPage\":{\"@id\":\"https:\\\/\\\/ciit-software.com\\\/softwareentwicklung\\\/\"},\"wordCount\":330,\"publisher\":{\"@id\":\"https:\\\/\\\/ciit-software.com\\\/#organization\"},\"image\":{\"@id\":\"https:\\\/\\\/ciit-software.com\\\/softwareentwicklung\\\/#primaryimage\"},\"thumbnailUrl\":\"https:\\\/\\\/ciit-software.com\\\/wp-content\\\/uploads\\\/2023\\\/06\\\/DSC_1467-Kopie.avif\",\"inLanguage\":\"en-US\"},{\"@type\":[\"WebPage\",\"ItemPage\"],\"@id\":\"https:\\\/\\\/ciit-software.com\\\/softwareentwicklung\\\/\",\"url\":\"https:\\\/\\\/ciit-software.com\\\/softwareentwicklung\\\/\",\"name\":\"Softwareentwicklung - CIIT\",\"isPartOf\":{\"@id\":\"https:\\\/\\\/ciit-software.com\\\/#website\"},\"primaryImageOfPage\":{\"@id\":\"https:\\\/\\\/ciit-software.com\\\/softwareentwicklung\\\/#primaryimage\"},\"image\":{\"@id\":\"https:\\\/\\\/ciit-software.com\\\/softwareentwicklung\\\/#primaryimage\"},\"thumbnailUrl\":\"https:\\\/\\\/ciit-software.com\\\/wp-content\\\/uploads\\\/2023\\\/06\\\/DSC_1467-Kopie.avif\",\"datePublished\":\"2024-05-24T09:49:21+00:00\",\"dateModified\":\"2026-03-12T08:32:48+00:00\",\"description\":\"Sind Sie auf der Suche nach Software-Entwicklungspartner ? Kontaktieren Sie uns direkt: +43 1 375 0204 (\u00d6sterreich), +49 89 954 5718 10 (Deutschland)\",\"breadcrumb\":{\"@id\":\"https:\\\/\\\/ciit-software.com\\\/softwareentwicklung\\\/#breadcrumb\"},\"inLanguage\":\"en-US\",\"potentialAction\":[{\"@type\":\"ReadAction\",\"target\":[\"https:\\\/\\\/ciit-software.com\\\/softwareentwicklung\\\/\"]}]},{\"@type\":\"ImageObject\",\"inLanguage\":\"en-US\",\"@id\":\"https:\\\/\\\/ciit-software.com\\\/softwareentwicklung\\\/#primaryimage\",\"url\":\"https:\\\/\\\/ciit-software.com\\\/wp-content\\\/uploads\\\/2023\\\/06\\\/DSC_1467-Kopie.avif\",\"contentUrl\":\"https:\\\/\\\/ciit-software.com\\\/wp-content\\\/uploads\\\/2023\\\/06\\\/DSC_1467-Kopie.avif\",\"width\":1766,\"height\":1179},{\"@type\":\"BreadcrumbList\",\"@id\":\"https:\\\/\\\/ciit-software.com\\\/softwareentwicklung\\\/#breadcrumb\",\"itemListElement\":[{\"@type\":\"ListItem\",\"position\":1,\"name\":\"Home\",\"item\":\"https:\\\/\\\/ciit-software.com\\\/\"},{\"@type\":\"ListItem\",\"position\":2,\"name\":\"Softwareentwicklung\"}]},{\"@type\":\"WebSite\",\"@id\":\"https:\\\/\\\/ciit-software.com\\\/#website\",\"url\":\"https:\\\/\\\/ciit-software.com\\\/\",\"name\":\"CIIT\",\"description\":\"Individual Software\",\"publisher\":{\"@id\":\"https:\\\/\\\/ciit-software.com\\\/#organization\"},\"potentialAction\":[{\"@type\":\"SearchAction\",\"target\":{\"@type\":\"EntryPoint\",\"urlTemplate\":\"https:\\\/\\\/ciit-software.com\\\/?s={search_term_string}\"},\"query-input\":{\"@type\":\"PropertyValueSpecification\",\"valueRequired\":true,\"valueName\":\"search_term_string\"}}],\"inLanguage\":\"en-US\"},{\"@type\":\"Organization\",\"@id\":\"https:\\\/\\\/ciit-software.com\\\/#organization\",\"name\":\"CIIT GmbH\",\"url\":\"https:\\\/\\\/ciit-software.com\\\/\",\"logo\":{\"@type\":\"ImageObject\",\"inLanguage\":\"en-US\",\"@id\":\"https:\\\/\\\/ciit-software.com\\\/#\\\/schema\\\/logo\\\/image\\\/\",\"url\":\"https:\\\/\\\/ciit-software.com\\\/wp-content\\\/uploads\\\/2024\\\/01\\\/cropped-CIIT_Logo_Software-Develoment.png\",\"contentUrl\":\"https:\\\/\\\/ciit-software.com\\\/wp-content\\\/uploads\\\/2024\\\/01\\\/cropped-CIIT_Logo_Software-Develoment.png\",\"width\":512,\"height\":512,\"caption\":\"CIIT GmbH\"},\"image\":{\"@id\":\"https:\\\/\\\/ciit-software.com\\\/#\\\/schema\\\/logo\\\/image\\\/\"},\"sameAs\":[\"https:\\\/\\\/www.facebook.com\\\/CIITIndividualsoftware\",\"https:\\\/\\\/x.com\\\/CIIT_at\"]},{\"@type\":\"Person\",\"@id\":\"https:\\\/\\\/ciit-software.com\\\/#\\\/schema\\\/person\\\/a4b77611f602115013aca7ecdfa1cde2\",\"name\":\"Michael Schaffler-Gl\u00f6\u00dfl\",\"url\":\"https:\\\/\\\/ciit-software.com\\\/en\\\/author\\\/michael\\\/\"}]}<\/script>\n<!-- \/ Yoast SEO plugin. -->","yoast_head_json":{"title":"Software Development - CIIT","description":"Are you looking for a software development partner? Contact us directly: +43 1 375 0204 (Austria), +49 89 954 5718 10 (Germany)","robots":{"index":"index","follow":"follow","max-snippet":"max-snippet:-1","max-image-preview":"max-image-preview:large","max-video-preview":"max-video-preview:-1"},"canonical":"https:\/\/ciit-software.com\/en\/softwareentwicklung\/","og_locale":"en_US","og_type":"article","og_title":"Softwareentwicklung - CIIT","og_description":"Sind Sie auf der Suche nach Software-Entwicklungspartner ? Kontaktieren Sie uns direkt: +43 1 375 0204 (\u00d6sterreich), +49 89 954 5718 10 (Deutschland)","og_url":"https:\/\/ciit-software.com\/en\/softwareentwicklung\/","og_site_name":"CIIT","article_publisher":"https:\/\/www.facebook.com\/CIITIndividualsoftware","article_modified_time":"2026-03-12T08:32:48+00:00","twitter_card":"summary_large_image","twitter_site":"@CIIT_at","twitter_misc":{"Est. reading time":"3 minutes"},"schema":{"@context":"https:\/\/schema.org","@graph":[{"@type":"TechArticle","@id":"https:\/\/ciit-software.com\/softwareentwicklung\/#article","isPartOf":{"@id":"https:\/\/ciit-software.com\/softwareentwicklung\/"},"author":{"name":"Michael Schaffler-Gl\u00f6\u00dfl","@id":"https:\/\/ciit-software.com\/#\/schema\/person\/a4b77611f602115013aca7ecdfa1cde2"},"headline":"Softwareentwicklung","datePublished":"2024-05-24T09:49:21+00:00","dateModified":"2026-03-12T08:32:48+00:00","mainEntityOfPage":{"@id":"https:\/\/ciit-software.com\/softwareentwicklung\/"},"wordCount":330,"publisher":{"@id":"https:\/\/ciit-software.com\/#organization"},"image":{"@id":"https:\/\/ciit-software.com\/softwareentwicklung\/#primaryimage"},"thumbnailUrl":"https:\/\/ciit-software.com\/wp-content\/uploads\/2023\/06\/DSC_1467-Kopie.avif","inLanguage":"en-US"},{"@type":["WebPage","ItemPage"],"@id":"https:\/\/ciit-software.com\/softwareentwicklung\/","url":"https:\/\/ciit-software.com\/softwareentwicklung\/","name":"Software Development - CIIT","isPartOf":{"@id":"https:\/\/ciit-software.com\/#website"},"primaryImageOfPage":{"@id":"https:\/\/ciit-software.com\/softwareentwicklung\/#primaryimage"},"image":{"@id":"https:\/\/ciit-software.com\/softwareentwicklung\/#primaryimage"},"thumbnailUrl":"https:\/\/ciit-software.com\/wp-content\/uploads\/2023\/06\/DSC_1467-Kopie.avif","datePublished":"2024-05-24T09:49:21+00:00","dateModified":"2026-03-12T08:32:48+00:00","description":"Are you looking for a software development partner? Contact us directly: +43 1 375 0204 (Austria), +49 89 954 5718 10 (Germany)","breadcrumb":{"@id":"https:\/\/ciit-software.com\/softwareentwicklung\/#breadcrumb"},"inLanguage":"en-US","potentialAction":[{"@type":"ReadAction","target":["https:\/\/ciit-software.com\/softwareentwicklung\/"]}]},{"@type":"ImageObject","inLanguage":"en-US","@id":"https:\/\/ciit-software.com\/softwareentwicklung\/#primaryimage","url":"https:\/\/ciit-software.com\/wp-content\/uploads\/2023\/06\/DSC_1467-Kopie.avif","contentUrl":"https:\/\/ciit-software.com\/wp-content\/uploads\/2023\/06\/DSC_1467-Kopie.avif","width":1766,"height":1179},{"@type":"BreadcrumbList","@id":"https:\/\/ciit-software.com\/softwareentwicklung\/#breadcrumb","itemListElement":[{"@type":"ListItem","position":1,"name":"Home","item":"https:\/\/ciit-software.com\/"},{"@type":"ListItem","position":2,"name":"Softwareentwicklung"}]},{"@type":"WebSite","@id":"https:\/\/ciit-software.com\/#website","url":"https:\/\/ciit-software.com\/","name":"CIIT","description":"Individual software","publisher":{"@id":"https:\/\/ciit-software.com\/#organization"},"potentialAction":[{"@type":"SearchAction","target":{"@type":"EntryPoint","urlTemplate":"https:\/\/ciit-software.com\/?s={search_term_string}"},"query-input":{"@type":"PropertyValueSpecification","valueRequired":true,"valueName":"search_term_string"}}],"inLanguage":"en-US"},{"@type":"Organization","@id":"https:\/\/ciit-software.com\/#organization","name":"CIIT GmbH","url":"https:\/\/ciit-software.com\/","logo":{"@type":"ImageObject","inLanguage":"en-US","@id":"https:\/\/ciit-software.com\/#\/schema\/logo\/image\/","url":"https:\/\/ciit-software.com\/wp-content\/uploads\/2024\/01\/cropped-CIIT_Logo_Software-Develoment.png","contentUrl":"https:\/\/ciit-software.com\/wp-content\/uploads\/2024\/01\/cropped-CIIT_Logo_Software-Develoment.png","width":512,"height":512,"caption":"CIIT GmbH"},"image":{"@id":"https:\/\/ciit-software.com\/#\/schema\/logo\/image\/"},"sameAs":["https:\/\/www.facebook.com\/CIITIndividualsoftware","https:\/\/x.com\/CIIT_at"]},{"@type":"Person","@id":"https:\/\/ciit-software.com\/#\/schema\/person\/a4b77611f602115013aca7ecdfa1cde2","name":"Michael Schaffler-Gl\u00f6\u00dfl","url":"https:\/\/ciit-software.com\/en\/author\/michael\/"}]}},"_links":{"self":[{"href":"https:\/\/ciit-software.com\/en\/wp-json\/wp\/v2\/pages\/6415","targetHints":{"allow":["GET"]}}],"collection":[{"href":"https:\/\/ciit-software.com\/en\/wp-json\/wp\/v2\/pages"}],"about":[{"href":"https:\/\/ciit-software.com\/en\/wp-json\/wp\/v2\/types\/page"}],"author":[{"embeddable":true,"href":"https:\/\/ciit-software.com\/en\/wp-json\/wp\/v2\/users\/8"}],"replies":[{"embeddable":true,"href":"https:\/\/ciit-software.com\/en\/wp-json\/wp\/v2\/comments?post=6415"}],"version-history":[{"count":1,"href":"https:\/\/ciit-software.com\/en\/wp-json\/wp\/v2\/pages\/6415\/revisions"}],"predecessor-version":[{"id":9431,"href":"https:\/\/ciit-software.com\/en\/wp-json\/wp\/v2\/pages\/6415\/revisions\/9431"}],"wp:featuredmedia":[{"embeddable":true,"href":"https:\/\/ciit-software.com\/en\/wp-json\/wp\/v2\/media\/4134"}],"wp:attachment":[{"href":"https:\/\/ciit-software.com\/en\/wp-json\/wp\/v2\/media?parent=6415"}],"curies":[{"name":"wp","href":"https:\/\/api.w.org\/{rel}","templated":true}]}}