{"id":5048,"date":"2023-09-22T05:30:11","date_gmt":"2023-09-22T06:30:11","guid":{"rendered":"https:\/\/ciit-software.com\/?page_id=5048"},"modified":"2026-03-10T08:00:37","modified_gmt":"2026-03-10T09:00:37","slug":"datenschutz","status":"publish","type":"page","link":"https:\/\/ciit-software.com\/en\/datenschutz\/","title":{"rendered":"data protection"},"content":{"rendered":"<div data-elementor-type=\"wp-page\" data-elementor-id=\"5048\" class=\"elementor elementor-5048\" data-elementor-post-type=\"page\">\n\t\t\t\t<div class=\"elementor-element elementor-element-713c5de e-con-full e-flex e-con e-parent\" data-id=\"713c5de\" data-element_type=\"container\" data-e-type=\"container\" data-settings=\"{&quot;background_background&quot;:&quot;classic&quot;}\">\n\t\t<div class=\"elementor-element elementor-element-d4d512d e-con-full e-flex e-con e-child\" data-id=\"d4d512d\" data-element_type=\"container\" data-e-type=\"container\">\n\t\t\t\t<div class=\"elementor-element elementor-element-6e316b9 elementor-widget elementor-widget-text-editor\" data-id=\"6e316b9\" data-element_type=\"widget\" data-e-type=\"widget\" data-widget_type=\"text-editor.default\">\n\t\t\t\t<div class=\"elementor-widget-container\">\n\t\t\t\t\t\t\t\t\t<p><em>CIIT team in meeting with customers<\/em><\/p>\t\t\t\t\t\t\t\t<\/div>\n\t\t\t\t<\/div>\n\t\t\t\t<\/div>\n\t\t\t\t<\/div>\n\t\t<div class=\"elementor-element elementor-element-3e78648 e-con-full e-flex e-con e-parent\" data-id=\"3e78648\" data-element_type=\"container\" data-e-type=\"container\">\n\t\t<div class=\"elementor-element elementor-element-e9b211f e-con-full e-flex e-con e-child\" data-id=\"e9b211f\" data-element_type=\"container\" data-e-type=\"container\">\n\t\t\t\t<div class=\"elementor-element elementor-element-18980f9 elementor-view-default elementor-widget elementor-widget-icon\" data-id=\"18980f9\" data-element_type=\"widget\" data-e-type=\"widget\" data-widget_type=\"icon.default\">\n\t\t\t\t<div class=\"elementor-widget-container\">\n\t\t\t\t\t\t\t<div class=\"elementor-icon-wrapper\">\n\t\t\t<div class=\"elementor-icon\">\n\t\t\t<svg xmlns=\"http:\/\/www.w3.org\/2000\/svg\" width=\"9\" height=\"40\" viewbox=\"0 0 9 40\"><rect id=\"Rechteck_88\" data-name=\"Rechteck 88\" width=\"9\" height=\"40\" fill=\"#ce2628\"><\/rect><\/svg>\t\t\t<\/div>\n\t\t<\/div>\n\t\t\t\t\t\t<\/div>\n\t\t\t\t<\/div>\n\t\t\t\t<div class=\"elementor-element elementor-element-f7f3520 elementor-widget elementor-widget-heading\" data-id=\"f7f3520\" data-element_type=\"widget\" data-e-type=\"widget\" data-widget_type=\"heading.default\">\n\t\t\t\t<div class=\"elementor-widget-container\">\n\t\t\t\t\t<h2 class=\"elementor-heading-title elementor-size-default\">Privacy Policy for CIIT GmbH<\/h2>\t\t\t\t<\/div>\n\t\t\t\t<\/div>\n\t\t\t\t<\/div>\n\t\t\t\t<div class=\"elementor-element elementor-element-4e94e34 elementor-widget__width-initial elementor-widget-laptop__width-initial elementor-widget elementor-widget-text-editor\" data-id=\"4e94e34\" data-element_type=\"widget\" data-e-type=\"widget\" data-widget_type=\"text-editor.default\">\n\t\t\t\t<div class=\"elementor-widget-container\">\n\t\t\t\t\t\t\t\t\t<h3><b>1. Introduction<\/b><\/h3>\n<p class=\"p2\">The protection of your personal data is of particular importance to us. We therefore process your data exclusively on the basis of the legal provisions (in particular the GDPR). <span class=\"s2\"><b>General Data Protection Regulation (GDPR)<\/b><\/span> and the Austrian <span class=\"s2\"><b>Data Protection Act (DSG)<\/b><\/span>).<\/p>\n<p class=\"p2\">In this privacy policy, we inform you about the most important aspects of data processing within the framework of our website. <span class=\"s2\"><b>ciit-software.com<\/b><\/span>.<\/p>\n<h3><b>&nbsp;<\/b><\/h3>\n<h3><b>2. Responsible person<\/b><\/h3>\n<p class=\"p2\">The entity responsible for data processing on this website is:<\/p>\n<p class=\"p1\"><b>CIIT GmbH<\/b><b><\/b><\/p>\n<p class=\"p2\">Haymerlegasse 32<\/p>\n<p class=\"p2\">1160 Vienna<\/p>\n<p class=\"p2\">Austria<\/p>\n<p class=\"p2\">Email: office@ciit-software.com<\/p>\n<p class=\"p2\">Website:<\/p>\n<p><a href=\"https:\/\/ciit-software.com\/en\/\">https:\/\/ciit-software.com<\/a><br>\n<br><a href=\"https:\/\/ciit-training.com\">https:\/\/ciit-training.com<\/a><\/p><p>The domain ciitsoftware.com does not belong to CIIT GmbH and CIIT GmbH has no responsibility for this domain!<\/p>\n<h3><b>3. Data Protection Officer<\/b><\/h3>\n<p class=\"p2\">If you have any questions about data protection, you can contact our data protection officer at any time:<\/p>\n<p class=\"p1\"><b>Katarina Schaffler-Gl\u00f6ssl<\/b><b><\/b><\/p>\n<p class=\"p2\">Email: katarina.schaffler@ciit-software.com<\/p>\n<h3><b>&nbsp;<\/b><\/h3>\n<h3><b>4. Access data \/ Server log files<\/b><\/h3>\n<p class=\"p2\">When you visit our website, information is automatically collected by the web server. This includes:<\/p>\n<ul>\n<li>\n<p class=\"p1\">IP address<\/p>\n<\/li>\n<li>\n<p class=\"p1\">Date and time of the request<\/p>\n<\/li>\n<li>\n<p class=\"p1\">accessed page \/ file<\/p>\n<\/li>\n<li>\n<p class=\"p1\">amount of data transferred<\/p>\n<\/li>\n<li>\n<p class=\"p1\">Browser type and browser version<\/p>\n<\/li>\n<li>\n<p class=\"p1\">operating system<\/p>\n<\/li>\n<li>\n<p class=\"p1\">Referrer URL<\/p>\n<\/li>\n<\/ul>\n<p class=\"p2\">This data is processed to ensure the smooth operation of the website and to improve our services.<\/p>\n<p class=\"p1\"><b>Legal basis:<\/b><b><\/b><\/p>\n<p class=\"p2\">Article 6 paragraph 1 letter f GDPR (legitimate interest in the secure operation of the website)<\/p>\n<h3><b>&nbsp;<\/b><\/h3>\n<h3><b>5. Making contact<\/b><\/h3>\n<p class=\"p2\">When you contact us via email or a contact form, your data (e.g., name, email address and message) will be stored for the purpose of processing your request.<\/p>\n<p class=\"p2\">We will not share this data without your consent.<\/p>\n<p class=\"p1\"><b>Legal basis:<\/b><b><\/b><\/p>\n<p class=\"p2\">Article 6 paragraph 1 letter b GDPR (contract or pre-contractual measures)<\/p>\n<h3><b>&nbsp;<\/b><\/h3>\n<h3><b>6. Use of our services \/ platform<\/b><\/h3>\n<p class=\"p2\">When you use our platform or services, personal data may be processed, for example:<\/p>\n<ul>\n<li>\n<p class=\"p1\">User account data<\/p>\n<\/li>\n<li>\n<p class=\"p1\">Communication data<\/p>\n<\/li>\n<li>\n<p class=\"p1\">Usage data within the platform<\/p>\n<\/li>\n<\/ul>\n<p class=\"p2\">The processing is carried out to provide and improve our services.<\/p>\n<p class=\"p1\"><b>Legal basis:<\/b><b><\/b><\/p>\n<ul>\n<li>\n<p class=\"p1\">Article 6 paragraph 1 letter b GDPR (performance of a contract)<\/p>\n<\/li>\n<li>\n<p class=\"p1\">Article 6 paragraph 1 letter f GDPR (legitimate interest)<\/p>\n<\/li>\n<\/ul>\n<h3><b>&nbsp;<\/b><\/h3>\n<h3><b>7. Cookies<\/b><\/h3>\n<p class=\"p2\">Our website uses cookies. Cookies are small text files that are stored on your device.<\/p>\n<p class=\"p2\">Cookies help us to compile usage statistics.<\/p>\n<p class=\"p2\">You can configure your browser to notify you when cookies are being set and allow them only in individual cases.<\/p>\n<p class=\"p2\">Disabling cookies will not limit the functionality of our website.<\/p>\n<h3><b>&nbsp;<\/b><\/h3>\n<h3><b>8. Data sharing<\/b><\/h3>\n<p class=\"p2\">Personal data will only be shared if:<\/p>\n<ul>\n<li>\n<p class=\"p1\">if this is necessary for the fulfillment of the contract<\/p>\n<\/li>\n<li>\n<p class=\"p1\">if we are legally obliged to do so<\/p>\n<\/li>\n<li>\n<p class=\"p1\">if you have expressly consented<\/p>\n<\/li>\n<\/ul>\n<p class=\"p2\">Data may also be shared with technical service providers (e.g., hosting providers) who act as <span class=\"s2\"><b>Data processor pursuant to Art. 28 GDPR<\/b><\/span> are active.<\/p>\n<h3><b>9. Storage duration<\/b><\/h3>\n<p class=\"p2\">Personal data is stored only as long as is necessary for the respective purposes or as required by statutory retention periods.<\/p>\n<h3><b>&nbsp;<\/b><\/h3>\n<h3><b>10. Your rights<\/b><\/h3>\n<p class=\"p2\">According to the GDPR, you have the following rights:<\/p>\n<ul>\n<li>\n<p class=\"p1\">Right of access (Art. 15 GDPR)<\/p>\n<\/li>\n<li>\n<p class=\"p1\">Right to rectification (Art. 16 GDPR)<\/p>\n<\/li>\n<li>\n<p class=\"p1\">Right to erasure (\u201eright to be forgotten\u201c) (Art. 17 GDPR)<\/p>\n<\/li>\n<li>\n<p class=\"p1\">Right to restriction of processing (Art. 18 GDPR)<\/p>\n<\/li>\n<li>\n<p class=\"p1\">Right to data portability (Art. 20 GDPR)<\/p>\n<\/li>\n<li>\n<p class=\"p1\">Right to object to processing (Art. 21 GDPR)<\/p>\n<\/li>\n<\/ul>\n<p class=\"p2\">If you believe that the processing of your data violates data protection law, you can lodge a complaint with the competent supervisory authority.<\/p>\n<h3><b>&nbsp;<\/b><\/h3>\n<h3><b>11. Right to lodge a complaint with the supervisory authority<\/b><\/h3>\n<p class=\"p2\">In Austria, the responsible supervisory authority is:<\/p>\n<p class=\"p1\"><b>Austrian Data Protection Authority<\/b><b><\/b><\/p>\n<p class=\"p2\">Barichgasse 40\u201342<\/p>\n<p class=\"p2\">1030 Vienna<\/p>\n<p class=\"p2\">Austria<\/p>\n<p class=\"p2\">Website: https:\/\/www.dsb.gv.at<\/p>\n<h3><b>&nbsp;<\/b><\/h3>\n<h3><b>12. Data security<\/b><\/h3>\n<p class=\"p2\">We implement technical and organizational security measures to protect your personal data from loss, manipulation or unauthorized access.<\/p>\n<h3><b>&nbsp;<\/b><\/h3>\n<h3><b>13. Changes to this Privacy Policy<\/b><\/h3>\n<p class=\"p2\">We reserve the right to amend this privacy policy as needed to ensure it always complies with current legal requirements or reflects changes to our services.<\/p>\t\t\t\t\t\t\t\t<\/div>\n\t\t\t\t<\/div>\n\t\t\t\t<\/div>\n\t\t\t\t<\/div>","protected":false},"excerpt":{"rendered":"<p>CIIT Team im Meeting mit Kunden Datenschutzerkl\u00e4rung f\u00fcr CIIT GmbH 1. Einleitung Der Schutz Ihrer personenbezogenen Daten ist uns ein besonderes Anliegen. Wir verarbeiten Ihre Daten daher ausschlie\u00dflich auf Grundlage der gesetzlichen Bestimmungen (insbesondere der Datenschutz-Grundverordnung (DSGVO) und des \u00f6sterreichischen Datenschutzgesetzes (DSG)). In dieser Datenschutzerkl\u00e4rung informieren wir Sie \u00fcber die wichtigsten Aspekte der Datenverarbeitung im [&hellip;]<\/p>\n","protected":false},"author":1,"featured_media":9036,"parent":0,"menu_order":0,"comment_status":"closed","ping_status":"closed","template":"","meta":{"inline_featured_image":false,"footnotes":""},"class_list":["post-5048","page","type-page","status-publish","has-post-thumbnail","hentry"],"yoast_head":"<!-- This site is optimized with the Yoast SEO plugin v27.4 - https:\/\/yoast.com\/product\/yoast-seo-wordpress\/ -->\n<title>Datenschutz - CIIT<\/title>\n<meta name=\"description\" content=\"Datenschutz: In dieser Erkl\u00e4rung erfahren Sie, wie Ihre personenbezogenen Daten gem\u00e4\u00df DSGVO sicher verarbeitet und gesch\u00fctzt werden.\" \/>\n<meta name=\"robots\" content=\"index, follow, max-snippet:-1, max-image-preview:large, max-video-preview:-1\" \/>\n<link rel=\"canonical\" href=\"https:\/\/ciit-software.com\/en\/datenschutz\/\" \/>\n<meta property=\"og:locale\" content=\"en_US\" \/>\n<meta property=\"og:type\" content=\"article\" \/>\n<meta property=\"og:title\" content=\"Datenschutz - CIIT\" \/>\n<meta property=\"og:description\" content=\"Datenschutz: In dieser Erkl\u00e4rung erfahren Sie, wie Ihre personenbezogenen Daten gem\u00e4\u00df DSGVO sicher verarbeitet und gesch\u00fctzt werden.\" \/>\n<meta property=\"og:url\" content=\"https:\/\/ciit-software.com\/en\/datenschutz\/\" \/>\n<meta property=\"og:site_name\" content=\"CIIT\" \/>\n<meta property=\"article:publisher\" content=\"https:\/\/www.facebook.com\/CIITIndividualsoftware\" \/>\n<meta property=\"article:modified_time\" content=\"2026-03-10T09:00:37+00:00\" \/>\n<meta name=\"twitter:card\" content=\"summary_large_image\" \/>\n<meta name=\"twitter:site\" content=\"@CIIT_at\" \/>\n<meta name=\"twitter:label1\" content=\"Est. reading time\" \/>\n\t<meta name=\"twitter:data1\" content=\"4 minutes\" \/>\n<script type=\"application\/ld+json\" class=\"yoast-schema-graph\">{\"@context\":\"https:\\\/\\\/schema.org\",\"@graph\":[{\"@type\":[\"WebPage\",\"ItemPage\"],\"@id\":\"https:\\\/\\\/ciit-software.com\\\/datenschutz\\\/\",\"url\":\"https:\\\/\\\/ciit-software.com\\\/datenschutz\\\/\",\"name\":\"Datenschutz - CIIT\",\"isPartOf\":{\"@id\":\"https:\\\/\\\/ciit-software.com\\\/#website\"},\"primaryImageOfPage\":{\"@id\":\"https:\\\/\\\/ciit-software.com\\\/datenschutz\\\/#primaryimage\"},\"image\":{\"@id\":\"https:\\\/\\\/ciit-software.com\\\/datenschutz\\\/#primaryimage\"},\"thumbnailUrl\":\"https:\\\/\\\/ciit-software.com\\\/wp-content\\\/uploads\\\/2025\\\/11\\\/Design-ohne-Titel-2.svg\",\"datePublished\":\"2023-09-22T06:30:11+00:00\",\"dateModified\":\"2026-03-10T09:00:37+00:00\",\"description\":\"Datenschutz: In dieser Erkl\u00e4rung erfahren Sie, wie Ihre personenbezogenen Daten gem\u00e4\u00df DSGVO sicher verarbeitet und gesch\u00fctzt werden.\",\"breadcrumb\":{\"@id\":\"https:\\\/\\\/ciit-software.com\\\/datenschutz\\\/#breadcrumb\"},\"inLanguage\":\"en-US\",\"potentialAction\":[{\"@type\":\"ReadAction\",\"target\":[\"https:\\\/\\\/ciit-software.com\\\/datenschutz\\\/\"]}]},{\"@type\":\"ImageObject\",\"inLanguage\":\"en-US\",\"@id\":\"https:\\\/\\\/ciit-software.com\\\/datenschutz\\\/#primaryimage\",\"url\":\"https:\\\/\\\/ciit-software.com\\\/wp-content\\\/uploads\\\/2025\\\/11\\\/Design-ohne-Titel-2.svg\",\"contentUrl\":\"https:\\\/\\\/ciit-software.com\\\/wp-content\\\/uploads\\\/2025\\\/11\\\/Design-ohne-Titel-2.svg\",\"width\":1280,\"height\":720,\"caption\":\"Beitragsbild Datenschutz\"},{\"@type\":\"BreadcrumbList\",\"@id\":\"https:\\\/\\\/ciit-software.com\\\/datenschutz\\\/#breadcrumb\",\"itemListElement\":[{\"@type\":\"ListItem\",\"position\":1,\"name\":\"Home\",\"item\":\"https:\\\/\\\/ciit-software.com\\\/\"},{\"@type\":\"ListItem\",\"position\":2,\"name\":\"Datenschutz\"}]},{\"@type\":\"WebSite\",\"@id\":\"https:\\\/\\\/ciit-software.com\\\/#website\",\"url\":\"https:\\\/\\\/ciit-software.com\\\/\",\"name\":\"CIIT\",\"description\":\"Individual Software\",\"publisher\":{\"@id\":\"https:\\\/\\\/ciit-software.com\\\/#organization\"},\"potentialAction\":[{\"@type\":\"SearchAction\",\"target\":{\"@type\":\"EntryPoint\",\"urlTemplate\":\"https:\\\/\\\/ciit-software.com\\\/?s={search_term_string}\"},\"query-input\":{\"@type\":\"PropertyValueSpecification\",\"valueRequired\":true,\"valueName\":\"search_term_string\"}}],\"inLanguage\":\"en-US\"},{\"@type\":\"Organization\",\"@id\":\"https:\\\/\\\/ciit-software.com\\\/#organization\",\"name\":\"CIIT GmbH\",\"url\":\"https:\\\/\\\/ciit-software.com\\\/\",\"logo\":{\"@type\":\"ImageObject\",\"inLanguage\":\"en-US\",\"@id\":\"https:\\\/\\\/ciit-software.com\\\/#\\\/schema\\\/logo\\\/image\\\/\",\"url\":\"https:\\\/\\\/ciit-software.com\\\/wp-content\\\/uploads\\\/2024\\\/01\\\/cropped-CIIT_Logo_Software-Develoment.png\",\"contentUrl\":\"https:\\\/\\\/ciit-software.com\\\/wp-content\\\/uploads\\\/2024\\\/01\\\/cropped-CIIT_Logo_Software-Develoment.png\",\"width\":512,\"height\":512,\"caption\":\"CIIT GmbH\"},\"image\":{\"@id\":\"https:\\\/\\\/ciit-software.com\\\/#\\\/schema\\\/logo\\\/image\\\/\"},\"sameAs\":[\"https:\\\/\\\/www.facebook.com\\\/CIITIndividualsoftware\",\"https:\\\/\\\/x.com\\\/CIIT_at\"]}]}<\/script>\n<!-- \/ Yoast SEO plugin. -->","yoast_head_json":{"title":"Data protection - CIIT","description":"Data protection: This statement explains how your personal data is processed and protected securely in accordance with the GDPR.","robots":{"index":"index","follow":"follow","max-snippet":"max-snippet:-1","max-image-preview":"max-image-preview:large","max-video-preview":"max-video-preview:-1"},"canonical":"https:\/\/ciit-software.com\/en\/datenschutz\/","og_locale":"en_US","og_type":"article","og_title":"Datenschutz - CIIT","og_description":"Datenschutz: In dieser Erkl\u00e4rung erfahren Sie, wie Ihre personenbezogenen Daten gem\u00e4\u00df DSGVO sicher verarbeitet und gesch\u00fctzt werden.","og_url":"https:\/\/ciit-software.com\/en\/datenschutz\/","og_site_name":"CIIT","article_publisher":"https:\/\/www.facebook.com\/CIITIndividualsoftware","article_modified_time":"2026-03-10T09:00:37+00:00","twitter_card":"summary_large_image","twitter_site":"@CIIT_at","twitter_misc":{"Est. reading time":"4 minutes"},"schema":{"@context":"https:\/\/schema.org","@graph":[{"@type":["WebPage","ItemPage"],"@id":"https:\/\/ciit-software.com\/datenschutz\/","url":"https:\/\/ciit-software.com\/datenschutz\/","name":"Data protection - CIIT","isPartOf":{"@id":"https:\/\/ciit-software.com\/#website"},"primaryImageOfPage":{"@id":"https:\/\/ciit-software.com\/datenschutz\/#primaryimage"},"image":{"@id":"https:\/\/ciit-software.com\/datenschutz\/#primaryimage"},"thumbnailUrl":"https:\/\/ciit-software.com\/wp-content\/uploads\/2025\/11\/Design-ohne-Titel-2.svg","datePublished":"2023-09-22T06:30:11+00:00","dateModified":"2026-03-10T09:00:37+00:00","description":"Data protection: This statement explains how your personal data is processed and protected securely in accordance with the GDPR.","breadcrumb":{"@id":"https:\/\/ciit-software.com\/datenschutz\/#breadcrumb"},"inLanguage":"en-US","potentialAction":[{"@type":"ReadAction","target":["https:\/\/ciit-software.com\/datenschutz\/"]}]},{"@type":"ImageObject","inLanguage":"en-US","@id":"https:\/\/ciit-software.com\/datenschutz\/#primaryimage","url":"https:\/\/ciit-software.com\/wp-content\/uploads\/2025\/11\/Design-ohne-Titel-2.svg","contentUrl":"https:\/\/ciit-software.com\/wp-content\/uploads\/2025\/11\/Design-ohne-Titel-2.svg","width":1280,"height":720,"caption":"Beitragsbild Datenschutz"},{"@type":"BreadcrumbList","@id":"https:\/\/ciit-software.com\/datenschutz\/#breadcrumb","itemListElement":[{"@type":"ListItem","position":1,"name":"Home","item":"https:\/\/ciit-software.com\/"},{"@type":"ListItem","position":2,"name":"Datenschutz"}]},{"@type":"WebSite","@id":"https:\/\/ciit-software.com\/#website","url":"https:\/\/ciit-software.com\/","name":"CIIT","description":"Individual software","publisher":{"@id":"https:\/\/ciit-software.com\/#organization"},"potentialAction":[{"@type":"SearchAction","target":{"@type":"EntryPoint","urlTemplate":"https:\/\/ciit-software.com\/?s={search_term_string}"},"query-input":{"@type":"PropertyValueSpecification","valueRequired":true,"valueName":"search_term_string"}}],"inLanguage":"en-US"},{"@type":"Organization","@id":"https:\/\/ciit-software.com\/#organization","name":"CIIT GmbH","url":"https:\/\/ciit-software.com\/","logo":{"@type":"ImageObject","inLanguage":"en-US","@id":"https:\/\/ciit-software.com\/#\/schema\/logo\/image\/","url":"https:\/\/ciit-software.com\/wp-content\/uploads\/2024\/01\/cropped-CIIT_Logo_Software-Develoment.png","contentUrl":"https:\/\/ciit-software.com\/wp-content\/uploads\/2024\/01\/cropped-CIIT_Logo_Software-Develoment.png","width":512,"height":512,"caption":"CIIT GmbH"},"image":{"@id":"https:\/\/ciit-software.com\/#\/schema\/logo\/image\/"},"sameAs":["https:\/\/www.facebook.com\/CIITIndividualsoftware","https:\/\/x.com\/CIIT_at"]}]}},"_links":{"self":[{"href":"https:\/\/ciit-software.com\/en\/wp-json\/wp\/v2\/pages\/5048","targetHints":{"allow":["GET"]}}],"collection":[{"href":"https:\/\/ciit-software.com\/en\/wp-json\/wp\/v2\/pages"}],"about":[{"href":"https:\/\/ciit-software.com\/en\/wp-json\/wp\/v2\/types\/page"}],"author":[{"embeddable":true,"href":"https:\/\/ciit-software.com\/en\/wp-json\/wp\/v2\/users\/1"}],"replies":[{"embeddable":true,"href":"https:\/\/ciit-software.com\/en\/wp-json\/wp\/v2\/comments?post=5048"}],"version-history":[{"count":18,"href":"https:\/\/ciit-software.com\/en\/wp-json\/wp\/v2\/pages\/5048\/revisions"}],"predecessor-version":[{"id":9428,"href":"https:\/\/ciit-software.com\/en\/wp-json\/wp\/v2\/pages\/5048\/revisions\/9428"}],"wp:featuredmedia":[{"embeddable":true,"href":"https:\/\/ciit-software.com\/en\/wp-json\/wp\/v2\/media\/9036"}],"wp:attachment":[{"href":"https:\/\/ciit-software.com\/en\/wp-json\/wp\/v2\/media?parent=5048"}],"curies":[{"name":"wp","href":"https:\/\/api.w.org\/{rel}","templated":true}]}}